{"id":2349,"date":"2022-07-20T23:21:44","date_gmt":"2022-07-20T23:21:44","guid":{"rendered":"https:\/\/ecopipo.com\/matriz\/?page_id=2349"},"modified":"2025-04-03T11:14:02","modified_gmt":"2025-04-03T17:14:02","slug":"comprar","status":"publish","type":"page","link":"https:\/\/ecopipo.com\/matriz\/comprar\/","title":{"rendered":"Comprar"},"content":{"rendered":"<p>[vc_row css=&#8221;.vc_custom_1664315537834{padding-top: 40px !important;}&#8221;][vc_column]   \r\n    <div class=\"arrowpress_container  custom-heading-2\">  \r\n<div  data-arrowpress-target='arrowpress_heading-4039276856'  data-arrowpress-csstarget='h2'  data-arrowpress-responsive-tablet='{\"font-size\":\"35px\",\"line-height\":\"px !important\"}'  data-arrowpress-responsive-tablet-port='{\"font-size\":\"35px\",\"line-height\":\"px !important\"}'  data-arrowpress-responsive-mob-land='{\"font-size\":\"35px\",\"line-height\":\"px !important\"}'  data-arrowpress-responsive-mob='{\"font-size\":\"px\",\"line-height\":\"px !important\"}'  class=\"arrowpress-heading  heading-1 arrowpress_heading-4039276856 animated show-animate \r\n\ttext-center\t\t\t\tleft-pos\t\t\t\" data-animation-delay=\"1000\" data-animation=\"fadeInUp\">\r\n\t\t\t\r\n\t\t\t\t\t\t\t\t\t\t\t\t\t\t\t<h2 class=\"title-heading\" style=\"font-family:Raleway; font-weight:600; font-style:normal; color:#ffffff; font-size:35px; \">\r\n\t\t\t\t\t\tCOMPRAR\t\t\t\t\t<\/h2>\r\n\t\t\t\t\t\t\t\t\t\r\n\t\t\t\r\n<\/div>\r\n<\/div>\n<div class='gambit_gradient_bg' data-color1='#643887' data-color2='#b9017d' data-angle='60'><\/div>[\/vc_column][\/vc_row][vc_row wrap_container=&#8221;yes&#8221; css=&#8221;.vc_custom_1677108543435{background: #ffffff url(https:\/\/ecopipo.com\/matriz\/wp-content\/uploads\/2022\/06\/Ecopipo_Footer_70.png?id=2131) !important;}&#8221;][vc_column]<svg id=\"gambit-row-separator-1\" preserveAspectRatio=\"xMidYMax meet\" class=\"gambit_separator gambit_sep_top gambit-sep-type-curve-side1\" viewBox=\"0 0 1600 200\"  style=\"display: none; width: 100%; height: calc(100 \/ 1600 * 100vw)\" data-height=\"100\"><path class=\"gambit_sep_decor2\" style=\"opacity: 1;fill: #643887;\" d=\"M1605.372,109.123c0.145-48.423-0.834-97.248-5.372-97.248C952.333,11.875-8,192-8,192v10.25C-8,202.25,952.333,34,1600,34C1603.999,34,1605.234,69.579,1605.372,109.123z\"\/>\n<path class=\"gambit_sep_main\" style=\"\" d=\"M-8,192c0,0,960.333-168.25,1608-168.25c32,0,4,200.25,4,200.25H-8V192z\"\/><\/svg>[vc_empty_space][vc_row_inner][vc_column_inner width=&#8221;1\/2&#8243;][vc_column_text]<\/p>\n<p class=\"p_ecopip_r30\">Bienvenida a<\/p>\n<p>[\/vc_column_text][vc_single_image image=&#8221;2451&#8243; img_size=&#8221;full&#8221; alignment=&#8221;center&#8221;][vc_column_text]<\/p>\n<p class=\"p_ecopip_vU\">la marca l\u00edder de pa\u00f1ales ecol\u00f3gicos en M\u00e9xico<\/p>\n<p class=\"p_ecopip_r30\">\u00a1Felicidades!<\/p>\n<p class=\"p_ecopipoC\">Est\u00e1s a punto de unirte a la tribu del mill\u00f3n de <span class=\"p_ecopip_m\">mam\u00e1s ecol\u00f3gicas<\/span> que <span class=\"p_ecopip_y\">cuidan la piel de su beb\u00e9<\/span>, que no tiran su dinero a la basura y que juntas han evitado la generaci\u00f3n de miles de toneladas de contaminantes.<\/p>\n<p class=\"p_ecopipoC\"><a class=\"lk_nueva\" href=\"#distribuidora\">Anota aqu\u00ed<\/a> tu c\u00f3digo postal y te canalizaremos con una distribuidora que te acompa\u00f1ar\u00e1 en la etapa m\u00e1s tierna de tu vida.<\/p>\n<p class=\"p_ecopipoC\">Ella te explicar\u00e1 por qu\u00e9 los pa\u00f1ales <span class=\"p_ecopip_v\">ECOPIPO<\/span> son los <span class=\"p_ecopip_v\">m\u00e1s f\u00e1ciles de usar, de mejor funcionalidad, excelente rendimiento y mayor valor por tu dinero.<\/span><\/p>\n<p>[\/vc_column_text][\/vc_column_inner][vc_column_inner width=&#8221;1\/2&#8243;][vc_single_image image=&#8221;3076&#8243; img_size=&#8221;full&#8221; alignment=&#8221;center&#8221; css_animation=&#8221;fadeInRight&#8221;][\/vc_column_inner][\/vc_row_inner][\/vc_column][\/vc_row][vc_row wrap_container=&#8221;yes&#8221; css=&#8221;.vc_custom_1664922542627{padding-top: 60px !important;padding-bottom: 40px !important;background: #ffffff url(https:\/\/ecopipo.com\/matriz\/wp-content\/uploads\/2022\/06\/Ecopipo_Footer_70.png?id=2131) !important;}&#8221; el_id=&#8221;distribuidora&#8221;][vc_column][vc_raw_html]JTNDaWZyYW1lJTIwc3JjJTNEJTIyaHR0cHMlM0ElMkYlMkZlY29waXBvLmNvbSUyRnBsYXRhZm9ybWElMkZkaXJlY3RvcnklMkZ2aWV3JTJGZGlyZWN0b3J5LnBocCUyMiUyMHdpZHRoJTNEJTIyMTAwJTI1JTIyJTIwaGVpZ2h0JTNEJTIyMTIwMCUyMiUzRSUzQyUyRmlmcmFtZSUzRQ==[\/vc_raw_html][\/vc_column][\/vc_row]<\/p>\n","protected":false},"excerpt":{"rendered":"<p>[vc_row css=&#8221;.vc_custom_1664315537834{padding-top: 40px !important;}&#8221;][vc_column][\/vc_column][\/vc_row][vc_row wrap_container=&#8221;yes&#8221; css=&#8221;.vc_custom_1677108543435{background: #ffffff url(https:\/\/ecopipo.com\/matriz\/wp-content\/uploads\/2022\/06\/Ecopipo_Footer_70.png?id=2131) !important;}&#8221;][vc_column][vc_empty_space][vc_row_inner][vc_column_inner width=&#8221;1\/2&#8243;][vc_column_text] Bienvenida a [\/vc_column_text][vc_single_image image=&#8221;2451&#8243; img_size=&#8221;full&#8221; alignment=&#8221;center&#8221;][vc_column_text] la marca l\u00edder de pa\u00f1ales ecol\u00f3gicos en M\u00e9xico \u00a1Felicidades! Est\u00e1s a punto de unirte [&hellip;]<\/p>\n","protected":false},"author":1,"featured_media":0,"parent":0,"menu_order":0,"comment_status":"closed","ping_status":"closed","template":"","meta":{"footnotes":""},"class_list":["post-2349","page","type-page","status-publish","hentry"],"aioseo_notices":[],"_links":{"self":[{"href":"https:\/\/ecopipo.com\/matriz\/wp-json\/wp\/v2\/pages\/2349","targetHints":{"allow":["GET"]}}],"collection":[{"href":"https:\/\/ecopipo.com\/matriz\/wp-json\/wp\/v2\/pages"}],"about":[{"href":"https:\/\/ecopipo.com\/matriz\/wp-json\/wp\/v2\/types\/page"}],"author":[{"embeddable":true,"href":"https:\/\/ecopipo.com\/matriz\/wp-json\/wp\/v2\/users\/1"}],"replies":[{"embeddable":true,"href":"https:\/\/ecopipo.com\/matriz\/wp-json\/wp\/v2\/comments?post=2349"}],"version-history":[{"count":32,"href":"https:\/\/ecopipo.com\/matriz\/wp-json\/wp\/v2\/pages\/2349\/revisions"}],"predecessor-version":[{"id":22556,"href":"https:\/\/ecopipo.com\/matriz\/wp-json\/wp\/v2\/pages\/2349\/revisions\/22556"}],"wp:attachment":[{"href":"https:\/\/ecopipo.com\/matriz\/wp-json\/wp\/v2\/media?parent=2349"}],"curies":[{"name":"wp","href":"https:\/\/api.w.org\/{rel}","templated":true}]}}