{"id":2356,"date":"2022-07-21T17:59:57","date_gmt":"2022-07-21T17:59:57","guid":{"rendered":"https:\/\/ecopipo.com\/matriz\/?page_id=2356"},"modified":"2022-07-21T18:01:09","modified_gmt":"2022-07-21T18:01:09","slug":"informacion","status":"publish","type":"page","link":"https:\/\/ecopipo.com\/matriz\/informacion\/","title":{"rendered":"Informaci\u00f3n"},"content":{"rendered":"<p>[vc_row css=&#8221;.vc_custom_1658359084524{padding-top: 20px !important;padding-bottom: 20px !important;background: #87b226 url(https:\/\/ecopipo.com\/matriz\/wp-content\/uploads\/2022\/06\/Ecopipo_Footer_70.png?id=2131) !important;}&#8221;][vc_column]   \r\n    <div class=\"arrowpress_container  custom-heading-2\">  \r\n<div  data-arrowpress-target='arrowpress_heading-678187110'  data-arrowpress-csstarget='h2'  data-arrowpress-responsive-tablet='{\"font-size\":\"30px\",\"line-height\":\"px !important\"}'  data-arrowpress-responsive-tablet-port='{\"font-size\":\"30px\",\"line-height\":\"px !important\"}'  data-arrowpress-responsive-mob-land='{\"font-size\":\"30px\",\"line-height\":\"px !important\"}'  data-arrowpress-responsive-mob='{\"font-size\":\"px\",\"line-height\":\"px !important\"}'  class=\"arrowpress-heading  heading-1 arrowpress_heading-678187110  \r\n\ttext-center\t\t\t\tleft-pos\t\t\t\" data-animation-delay=\"500\" data-animation=\"\">\r\n\t\t\t\r\n\t\t\t\t\t\t\t\t\t\t\t\t\t\t\t<h2 class=\"title-heading\" style=\"font-family:Comfortaa; font-weight:300; font-style:normal; color:#ffffff; font-size:30px; \">\r\n\t\t\t\t\t\tMUNDO PA\u00d1ALERO\t\t\t\t\t<\/h2>\r\n\t\t\t\t\t\t\t\t\t\t<div class=\"line_separator\" style=\" width:60px; border-radius:30px; height:4px; background:#ffffff; margin-top:15px;\"><\/div>\r\n\t\t\r\n\t\t\t\r\n<\/div>\r\n<\/div>\n[\/vc_column][\/vc_row][vc_row wrap_container=&#8221;yes&#8221; css=&#8221;.vc_custom_1656352460323{padding-top: 40px !important;padding-bottom: 40px !important;background-color: #ffffff !important;}&#8221;][vc_column width=&#8221;1\/2&#8243; css=&#8221;.vc_custom_1658422561499{padding-top: 10% !important;}&#8221;]   \r\n    <div class=\"arrowpress_container \">  \r\n<div  data-arrowpress-target='arrowpress_heading-223906156'  data-arrowpress-csstarget='h3'  data-arrowpress-responsive-tablet='{\"font-size\":\"30px\",\"line-height\":\"px !important\"}'  data-arrowpress-responsive-tablet-port='{\"font-size\":\"30px\",\"line-height\":\"px !important\"}'  data-arrowpress-responsive-mob-land='{\"font-size\":\"30px\",\"line-height\":\"px !important\"}'  data-arrowpress-responsive-mob='{\"font-size\":\"px\",\"line-height\":\"px !important\"}'  class=\"arrowpress-heading  heading-1 arrowpress_heading-223906156  \r\n\t\ttext-left\t\t\tleft-pos\t\t\t\" data-animation-delay=\"500\" data-animation=\"\">\r\n\t\t\t\r\n\t\t\t\t\t\t\t\t\t\t\t\t\t\t\t<h3 class=\"title-heading\" style=\"font-family:Comfortaa; font-weight:; font-style:; color:#000000; font-size:30px; \">\r\n\t\t\t\t\t\tCaracter\u00edsticas de los pa\u00f1ales\t\r\n\t\t\t\t\t<\/h3>\r\n\t\t\t\t\t\t\t\t\t\t<div class=\"line_separator\" style=\" width:60px; border-radius:30px; height:4px; background:#ffffff; margin-top:15px;\"><\/div>\r\n\t\t\r\n\t\t\t\r\n<\/div>\r\n<\/div>\n[vc_empty_space][vc_column_text]<\/p>\n<p style=\"font-size: 16px; text-align: justify; color: #000;\">Ecopipo es una empresa 100% mexicana y 100% familiar, surgi\u00f3 en el a\u00f1o 2009 con el nacimiento del primer beb\u00e9 de Ixchel Anaya, Fundadora de Ecopipo. Desde que se enter\u00f3 que estaba embarazada comenz\u00f3 a pensar en los pa\u00f1ales y, debido a la educaci\u00f3n ambiental recibida de su familia, desde un principio opt\u00f3 por utilizar pa\u00f1ales de tela y as\u00ed fue como se prepar\u00f3 cerca de dos docenas de pa\u00f1alitos de franela y manta de cielo, como se acostumbraba en M\u00e9xico.<\/p>\n<p>[\/vc_column_text][\/vc_column][vc_column width=&#8221;1\/2&#8243;][vc_single_image image=&#8221;1919&#8243; img_size=&#8221;full&#8221; alignment=&#8221;center&#8221;][\/vc_column][\/vc_row][vc_row wrap_container=&#8221;yes&#8221; css=&#8221;.vc_custom_1658423767175{padding-top: 40px !important;padding-bottom: 40px !important;background: #b9017d url(https:\/\/ecopipo.com\/matriz\/wp-content\/uploads\/2022\/06\/Ecopipo_Footer_50.png?id=2130) !important;}&#8221;][vc_column]   \r\n    <div class=\"arrowpress_container  custom-heading-2\">  \r\n<div  data-arrowpress-target='arrowpress_heading-563918496'  data-arrowpress-csstarget='h2'  data-arrowpress-responsive-tablet='{\"font-size\":\"30px\",\"line-height\":\"px !important\"}'  data-arrowpress-responsive-tablet-port='{\"font-size\":\"30px\",\"line-height\":\"px !important\"}'  data-arrowpress-responsive-mob-land='{\"font-size\":\"30px\",\"line-height\":\"px !important\"}'  data-arrowpress-responsive-mob='{\"font-size\":\"px\",\"line-height\":\"px !important\"}'  class=\"arrowpress-heading  heading-1 arrowpress_heading-563918496  \r\n\ttext-center\t\t\t\tleft-pos\t\t\t\" data-animation-delay=\"500\" data-animation=\"\">\r\n\t\t\t\r\n\t\t\t\t\t\t\t\t\t\t\t\t\t\t\t<h2 class=\"title-heading\" style=\"font-family:Comfortaa; font-weight:300; font-style:normal; color:#ffffff; font-size:30px; \">\r\n\t\t\t\t\t\tTips\t\t\t\t\t<\/h2>\r\n\t\t\t\t\t\t\t\t\t\t<div class=\"line_separator\" style=\" width:60px; border-radius:30px; height:4px; background:#ffffff; margin-top:15px;\"><\/div>\r\n\t\t\r\n\t\t\t\r\n<\/div>\r\n<\/div>\n[vc_empty_space][vc_tta_tabs shape=&#8221;square&#8221; active_section=&#8221;1&#8243; el_class=&#8221;cs-tab7&#8243;][vc_tta_section title=&#8221;Uso&#8221; tab_id=&#8221;1512442977160-2dd5e2c9-599a&#8221;][vc_single_image image=&#8221;1912&#8243; img_size=&#8221;medium&#8221; style=&#8221;vc_box_circle_2&#8243; css=&#8221;.vc_custom_1658425339343{margin-top: 0px !important;margin-bottom: 0px !important;}&#8221;][vc_column_text]<\/p>\n<p style=\"font-size: 16px; text-align: justify; color: #fff;\">Ecopipo es una empresa 100% mexicana y 100% familiar, surgi\u00f3 en el a\u00f1o 2009 con el nacimiento del primer beb\u00e9 de Ixchel Anaya, Fundadora de Ecopipo. Desde que se enter\u00f3 que estaba embarazada comenz\u00f3 a pensar en los pa\u00f1ales y, debido a la educaci\u00f3n ambiental recibida de su familia, desde un principio opt\u00f3 por utilizar pa\u00f1ales de tela y as\u00ed fue como se prepar\u00f3 cerca de dos docenas de pa\u00f1alitos de franela y manta de cielo, como se acostumbraba en M\u00e9xico.<\/p>\n<p>[\/vc_column_text][\/vc_tta_section][vc_tta_section title=&#8221;Cuidado&#8221; tab_id=&#8221;1658425301875-2625e7bd-a40c&#8221;][vc_single_image image=&#8221;1911&#8243; img_size=&#8221;medium&#8221; style=&#8221;vc_box_circle_2&#8243; css=&#8221;.vc_custom_1658425330219{margin-top: 0px !important;margin-bottom: 0px !important;}&#8221;][vc_column_text]<\/p>\n<p style=\"font-size: 16px; text-align: justify; color: #fff;\">Ecopipo es una empresa 100% mexicana y 100% familiar, surgi\u00f3 en el a\u00f1o 2009 con el nacimiento del primer beb\u00e9 de Ixchel Anaya, Fundadora de Ecopipo. Desde que se enter\u00f3 que estaba embarazada comenz\u00f3 a pensar en los pa\u00f1ales y, debido a la educaci\u00f3n ambiental recibida de su familia, desde un principio opt\u00f3 por utilizar pa\u00f1ales de tela y as\u00ed fue como se prepar\u00f3 cerca de dos docenas de pa\u00f1alitos de franela y manta de cielo, como se acostumbraba en M\u00e9xico.<\/p>\n<p>[\/vc_column_text][\/vc_tta_section][vc_tta_section title=&#8221;Lavado&#8221; tab_id=&#8221;1658425341423-b9f21456-d29e&#8221;][vc_single_image image=&#8221;1910&#8243; img_size=&#8221;medium&#8221; style=&#8221;vc_box_circle_2&#8243; css=&#8221;.vc_custom_1658425365720{margin-top: 0px !important;margin-bottom: 0px !important;}&#8221;][vc_column_text]<\/p>\n<p style=\"font-size: 16px; text-align: justify; color: #fff;\">Ecopipo es una empresa 100% mexicana y 100% familiar, surgi\u00f3 en el a\u00f1o 2009 con el nacimiento del primer beb\u00e9 de Ixchel Anaya, Fundadora de Ecopipo. Desde que se enter\u00f3 que estaba embarazada comenz\u00f3 a pensar en los pa\u00f1ales y, debido a la educaci\u00f3n ambiental recibida de su familia, desde un principio opt\u00f3 por utilizar pa\u00f1ales de tela y as\u00ed fue como se prepar\u00f3 cerca de dos docenas de pa\u00f1alitos de franela y manta de cielo, como se acostumbraba en M\u00e9xico.<\/p>\n<p>[\/vc_column_text][\/vc_tta_section][\/vc_tta_tabs][\/vc_column][\/vc_row][vc_row wrap_container=&#8221;yes&#8221; css=&#8221;.vc_custom_1658426333216{padding-top: 40px !important;padding-bottom: 40px !important;background-color: #ffffff !important;}&#8221;][vc_column width=&#8221;1\/2&#8243;]   \r\n    <div class=\"arrowpress_container \">  \r\n<div  data-arrowpress-target='arrowpress_heading-1249296132'  data-arrowpress-csstarget='h3'  data-arrowpress-responsive-tablet='{\"font-size\":\"30px\",\"line-height\":\"px !important\"}'  data-arrowpress-responsive-tablet-port='{\"font-size\":\"30px\",\"line-height\":\"px !important\"}'  data-arrowpress-responsive-mob-land='{\"font-size\":\"30px\",\"line-height\":\"px !important\"}'  data-arrowpress-responsive-mob='{\"font-size\":\"px\",\"line-height\":\"px !important\"}'  class=\"arrowpress-heading  heading-1 arrowpress_heading-1249296132  \r\n\t\ttext-left\t\t\tleft-pos\t\t\t\" data-animation-delay=\"500\" data-animation=\"\">\r\n\t\t\t\r\n\t\t\t\t\t\t\t\t\t\t\t\t\t\t\t<h3 class=\"title-heading\" style=\"font-family:Comfortaa; font-weight:; font-style:; color:#000000; font-size:30px; \">\r\n\t\t\t\t\t\tPreguntas Frecuentes\t\r\n\t\t\t\t\t<\/h3>\r\n\t\t\t\t\t\t\t\t\t\t<div class=\"line_separator\" style=\" width:60px; border-radius:30px; height:4px; background:#ffffff; margin-top:15px;\"><\/div>\r\n\t\t\r\n\t\t\t\r\n<\/div>\r\n<\/div>\n[vc_empty_space]<div class=\"ult-content-box-container box-accordion7\" >\t\t<div class=\"ult-content-box\" style=\"box-shadow: px px px px none;-webkit-transition: all 700ms ease;-moz-transition: all 700ms ease;-ms-transition: all 700ms ease;-o-transition: all 700ms ease;transition: all 700ms ease;\"  data-hover_box_shadow=\"none\"    >[vc_toggle title=&#8221;\u00bfQu\u00e9 tipos de pa\u00f1ales existen?&#8221; custom_font_container=&#8221;tag:h2|font_size:16|text_align:left|color:%23643887&#8243; custom_use_theme_fonts=&#8221;yes&#8221; use_custom_heading=&#8221;true&#8221; custom_el_class=&#8221;b_faq&#8221;]Todo pa\u00f1al tiene dos partes, una absorbente y otra retenedora. La absorbente est\u00e1 en contacto con la piel y absorbe el pis del beb\u00e9 y la retenedora impide que salga fuera y moje la ropa.[\/vc_toggle][vc_toggle title=&#8221;\u00bfSon los pa\u00f1ales seguros para mi beb\u00e9?&#8221; custom_font_container=&#8221;tag:h2|font_size:16|text_align:left|color:%23643887&#8243; custom_use_theme_fonts=&#8221;yes&#8221; use_custom_heading=&#8221;true&#8221; custom_el_class=&#8221;b_faq&#8221;]S\u00ed. Los pa\u00f1ales desechables se someten a un riguroso proceso de revisi\u00f3n de seguridad que eval\u00faa tanto los materiales utilizados como el dise\u00f1o de los pa\u00f1ales. Esta revisi\u00f3n demuestra que los pa\u00f1ales son seguros cuando se utilizan seg\u00fan se prev\u00e9.[\/vc_toggle][vc_toggle title=&#8221;\u00bfCu\u00e1ntos necesito para empezar?&#8221; custom_font_container=&#8221;tag:h2|font_size:16|text_align:left|color:%23643887&#8243; custom_use_theme_fonts=&#8221;yes&#8221; use_custom_heading=&#8221;true&#8221; custom_el_class=&#8221;b_faq&#8221;]Para empezar necesitas un pa\u00f1al, para probarlo, ver si te apa\u00f1as y te gusta. Si es as\u00ed, te recomiendo que compres de varios tipos antes de lanzarte, combinando con desechables si es necesario. Si est\u00e1s embarazada y est\u00e1s totalmente convencida, se habla de unos 20 pa\u00f1ales, pero depende mucho del beb\u00e9 y de la cantidad de lavadoras que desees poner a la semana.[\/vc_toggle][vc_toggle title=&#8221;\u00bfPero realmente es m\u00e1s ecol\u00f3gico?&#8221; custom_font_container=&#8221;tag:h2|font_size:16|text_align:left|color:%23643887&#8243; custom_use_theme_fonts=&#8221;yes&#8221; use_custom_heading=&#8221;true&#8221; custom_el_class=&#8221;b_faq&#8221;]S\u00ed rotundo. No me cabe la menor duda. Partimos de la base de que si utiliza pa\u00f1ales desechables, un beb\u00e9 usar\u00e1 de media unos 7000 hasta dejar el pa\u00f1al, frente a los 20 que usar\u00eda de tela.[\/vc_toggle][vc_toggle title=&#8221;\u00bfDejan antes el pa\u00f1al los beb\u00e9s que usan pa\u00f1ales de tela?&#8221; custom_font_container=&#8221;tag:h2|font_size:16|text_align:left|color:%23643887&#8243; custom_use_theme_fonts=&#8221;yes&#8221; use_custom_heading=&#8221;true&#8221; custom_el_class=&#8221;b_faq&#8221;]Bien es verdad que gracias a que el pa\u00f1al se moja, el ni\u00f1o entiende mejor el proceso interno que si el pis cae en un desechable y sigue seco, entonces s\u00ed creo que los pa\u00f1ales de tela mejoran su propia concepci\u00f3n y puede que lleguen a controlar el proceso antes.[\/vc_toggle]\t\t<\/div><\/div>[\/vc_column][vc_column width=&#8221;1\/2&#8243;][vc_single_image image=&#8221;1919&#8243; img_size=&#8221;full&#8221; alignment=&#8221;center&#8221;][\/vc_column][\/vc_row]<\/p>\n","protected":false},"excerpt":{"rendered":"<p>[vc_row css=&#8221;.vc_custom_1658359084524{padding-top: 20px !important;padding-bottom: 20px !important;background: #87b226 url(https:\/\/ecopipo.com\/matriz\/wp-content\/uploads\/2022\/06\/Ecopipo_Footer_70.png?id=2131) !important;}&#8221;][vc_column][\/vc_column][\/vc_row][vc_row wrap_container=&#8221;yes&#8221; css=&#8221;.vc_custom_1656352460323{padding-top: 40px !important;padding-bottom: 40px !important;background-color: #ffffff !important;}&#8221;][vc_column width=&#8221;1\/2&#8243; css=&#8221;.vc_custom_1658422561499{padding-top: 10% !important;}&#8221;][vc_empty_space][vc_column_text] Ecopipo es una empresa 100% mexicana y 100% familiar, [&hellip;]<\/p>\n","protected":false},"author":1,"featured_media":0,"parent":0,"menu_order":0,"comment_status":"closed","ping_status":"closed","template":"","meta":{"footnotes":""},"class_list":["post-2356","page","type-page","status-publish","hentry"],"aioseo_notices":[],"_links":{"self":[{"href":"https:\/\/ecopipo.com\/matriz\/wp-json\/wp\/v2\/pages\/2356","targetHints":{"allow":["GET"]}}],"collection":[{"href":"https:\/\/ecopipo.com\/matriz\/wp-json\/wp\/v2\/pages"}],"about":[{"href":"https:\/\/ecopipo.com\/matriz\/wp-json\/wp\/v2\/types\/page"}],"author":[{"embeddable":true,"href":"https:\/\/ecopipo.com\/matriz\/wp-json\/wp\/v2\/users\/1"}],"replies":[{"embeddable":true,"href":"https:\/\/ecopipo.com\/matriz\/wp-json\/wp\/v2\/comments?post=2356"}],"version-history":[{"count":41,"href":"https:\/\/ecopipo.com\/matriz\/wp-json\/wp\/v2\/pages\/2356\/revisions"}],"predecessor-version":[{"id":2397,"href":"https:\/\/ecopipo.com\/matriz\/wp-json\/wp\/v2\/pages\/2356\/revisions\/2397"}],"wp:attachment":[{"href":"https:\/\/ecopipo.com\/matriz\/wp-json\/wp\/v2\/media?parent=2356"}],"curies":[{"name":"wp","href":"https:\/\/api.w.org\/{rel}","templated":true}]}}