{"id":2399,"date":"2022-07-21T18:31:02","date_gmt":"2022-07-21T18:31:02","guid":{"rendered":"https:\/\/ecopipo.com\/matriz\/?page_id=2399"},"modified":"2024-05-29T13:41:42","modified_gmt":"2024-05-29T19:41:42","slug":"como-ser-parte","status":"publish","type":"page","link":"https:\/\/ecopipo.com\/matriz\/como-ser-parte\/","title":{"rendered":"C\u00f3mo ser parte"},"content":{"rendered":"<p>[vc_row css=&#8221;.vc_custom_1664923737351{padding-top: 40px !important;}&#8221;][vc_column]<div class='gambit_gradient_bg' data-color1='#643887' data-color2='#b9017d' data-angle='45'><\/div>   \r\n    <div class=\"arrowpress_container  custom-heading-2\">  \r\n<div  data-arrowpress-target='arrowpress_heading-2787225920'  data-arrowpress-csstarget='h2'  data-arrowpress-responsive-tablet='{\"font-size\":\"35px\",\"line-height\":\"px !important\"}'  data-arrowpress-responsive-tablet-port='{\"font-size\":\"35px\",\"line-height\":\"px !important\"}'  data-arrowpress-responsive-mob-land='{\"font-size\":\"35px\",\"line-height\":\"px !important\"}'  data-arrowpress-responsive-mob='{\"font-size\":\"px\",\"line-height\":\"px !important\"}'  class=\"arrowpress-heading  heading-1 arrowpress_heading-2787225920 animated show-animate \r\n\ttext-center\t\t\t\tleft-pos\t\t\t\" data-animation-delay=\"1000\" data-animation=\"fadeInUp\">\r\n\t\t\t\r\n\t\t\t\t\t\t\t\t\t\t\t\t\t\t\t<h2 class=\"title-heading\" style=\"font-family:Raleway; font-weight:600; font-style:normal; color:#ffffff; font-size:35px; line-height:35px; \">\r\n\t\t\t\t\t\t\u00daNETE\t\t\t\t\t<\/h2>\r\n\t\t\t\t\t\t\t\t\t\r\n\t\t\t\r\n<\/div>\r\n<\/div>\n[\/vc_column][\/vc_row][vc_row wrap_container=&#8221;yes&#8221; css=&#8221;.vc_custom_1677107273293{background: #ffffff url(https:\/\/ecopipo.com\/matriz\/wp-content\/uploads\/2022\/06\/Ecopipo_Footer_70.png?id=2131) !important;}&#8221;][vc_column]<svg id=\"gambit-row-separator-1\" preserveAspectRatio=\"xMidYMax meet\" class=\"gambit_separator gambit_sep_top gambit-sep-type-curve-side1\" viewBox=\"0 0 1600 200\"  style=\"display: none; width: 100%; height: calc(100 \/ 1600 * 100vw)\" data-height=\"100\"><path class=\"gambit_sep_decor2\" style=\"opacity: 1;fill: #643887;\" d=\"M1605.372,109.123c0.145-48.423-0.834-97.248-5.372-97.248C952.333,11.875-8,192-8,192v10.25C-8,202.25,952.333,34,1600,34C1603.999,34,1605.234,69.579,1605.372,109.123z\"\/>\n<path class=\"gambit_sep_main\" style=\"\" d=\"M-8,192c0,0,960.333-168.25,1608-168.25c32,0,4,200.25,4,200.25H-8V192z\"\/><\/svg>[vc_row_inner][vc_column_inner width=&#8221;1\/2&#8243;][vc_empty_space][vc_column_text]<\/p>\n<p class=\"p_ecopip_m30\">\u00bfEres una mujer emprendedora que quiere lograr m\u00e1s?<\/p>\n<p class=\"p_ecopip_v30\">T\u00fa puedes ser una distribuidora<\/p>\n<p>[\/vc_column_text][vc_single_image image=&#8221;2451&#8243; img_size=&#8221;full&#8221; alignment=&#8221;center&#8221;][\/vc_column_inner][vc_column_inner width=&#8221;1\/2&#8243;][vc_single_image image=&#8221;3087&#8243; img_size=&#8221;medium&#8221; alignment=&#8221;center&#8221; css_animation=&#8221;fadeInRight&#8221; el_class=&#8221;img_dist&#8221;][\/vc_column_inner][\/vc_row_inner]<svg id=\"gambit-row-separator-2\" preserveAspectRatio=\"xMidYMax meet\" class=\"gambit_separator gambit_sep_bottom gambit-sep-type-curve-outward1\" viewBox=\"0 0 1600 200\"  style=\"display: none; width: 100%; height: calc(60 \/ 1600 * 100vw)\" data-height=\"60\"><path class=\"gambit_sep_decor2\" style=\"opacity: 1;fill: #643887;\" d=\"M1604,190.977C1476.438,89.584,1162.882,18,800,18 C439.011,18,124.792,88.947-4,189.5v4.5l1608-0.109V190.977z\"\/>\n<path class=\"gambit_sep_main\" style=\"\" d=\"M1604,191.572C1476.438,96.864,1162.882,30,800,30 C439.011,30,124.792,96.276-4,190.2V204h1608V191.572z\"\/><\/svg>[\/vc_column][\/vc_row][vc_row el_id=&#8221;desk&#8221; css=&#8221;.vc_custom_1669130830148{background-color: #643887 !important;}&#8221;][vc_column][vc_column_text css_animation=&#8221;fadeInLeft&#8221;]<\/p>\n<p style=\"text-align: center; color: #fff; font-size: 20px; font-weight: 600; font-family: 'Raleway';\">Ganar\u00e1s premios, viajes y toda una experiencia para ti y tu familia!<\/p>\n<p>[\/vc_column_text][vc_column_text css_animation=&#8221;fadeInLeft&#8221;]<\/p>\n<p style=\"text-align: center; color: #fff; font-size: 20px; font-weight: 600; font-family: 'Raleway';\">M\u00e1s la gran satisfacci\u00f3n de convivir, trabajar y crecer con mujeres tan valiosas como t\u00fa.<\/p>\n<p>[\/vc_column_text][\/vc_column][\/vc_row][vc_row wrap_container=&#8221;yes&#8221; css=&#8221;.vc_custom_1664925340520{padding-top: 40px !important;padding-bottom: 40px !important;background: #b9017d url(https:\/\/ecopipo.com\/matriz\/wp-content\/uploads\/2022\/06\/Ecopipo_Footer_70.png?id=2131) !important;}&#8221; el_id=&#8221;movil&#8221;][vc_column]<svg id=\"gambit-row-separator-3\" preserveAspectRatio=\"xMidYMax meet\" class=\"gambit_separator gambit_sep_top gambit-sep-type-curve-inward1\" viewBox=\"0 0 1600 200\"  style=\"display: none; width: 100%; height: calc(60 \/ 1600 * 100vw)\" data-height=\"60\"><path class=\"gambit_sep_decor2\" style=\"opacity: 1;fill: #643887;\" d=\"M-4,20.062V196h1608V20.062C1475.208,127.246,1160.989,182,800,182 C437.118,182,123.562,128.141-4,20.062z\"\/>\n<path class=\"gambit_sep_main\" style=\"\" d=\"M-4,20.062V204h1608V20.062C1475.208,127.246,1160.989,194,800,194 C437.118,194,123.562,128.141-4,20.062z\"\/><\/svg>[\/vc_column][vc_column width=&#8221;1\/2&#8243; css=&#8221;.vc_custom_1664924635511{padding-top: 10% !important;}&#8221;][vc_column_text css_animation=&#8221;fadeInLeft&#8221;]<\/p>\n<p style=\"text-align: center; color: #fff; font-size: 22px;\">Ganar\u00e1s premios, viajes y toda una experiencia para ti y tu familia!<\/p>\n<p>[\/vc_column_text][vc_column_text css_animation=&#8221;fadeInLeft&#8221;]<\/p>\n<p style=\"text-align: center; color: #fff; font-size: 22px;\">M\u00e1s la gran satisfacci\u00f3n de convivir, trabajar y crecer con mujeres tan valiosas como t\u00fa.<\/p>\n<p>[\/vc_column_text][\/vc_column][vc_column width=&#8221;1\/2&#8243;][vc_single_image image=&#8221;3088&#8243; img_size=&#8221;full&#8221; alignment=&#8221;center&#8221; onclick=&#8221;img_link_large&#8221; css_animation=&#8221;fadeInRight&#8221;][\/vc_column][\/vc_row][vc_row wrap_container=&#8221;yes&#8221; el_id=&#8221;info&#8221;][vc_column][\/vc_column][\/vc_row][vc_row wrap_container=&#8221;yes&#8221; css=&#8221;.vc_custom_1664144518152{padding-top: 40px !important;padding-bottom: 40px !important;background-color: #ffffff !important;}&#8221;][vc_column]<svg id=\"gambit-row-separator-4\" preserveAspectRatio=\"xMidYMax meet\" class=\"gambit_separator gambit_sep_top gambit-sep-type-curve-outward1\" viewBox=\"0 0 1600 200\"  style=\"display: none; width: 100%; height: calc(60 \/ 1600 * 100vw)\" data-height=\"60\"><path class=\"gambit_sep_decor2\" style=\"opacity: 1;fill: #643887;\" d=\"M1604,190.977C1476.438,89.584,1162.882,18,800,18 C439.011,18,124.792,88.947-4,189.5v4.5l1608-0.109V190.977z\"\/>\n<path class=\"gambit_sep_main\" style=\"\" d=\"M1604,191.572C1476.438,96.864,1162.882,30,800,30 C439.011,30,124.792,96.276-4,190.2V204h1608V191.572z\"\/><\/svg>   \r\n    <div class=\"arrowpress_container  custom-heading-2\">  \r\n<div  data-arrowpress-target='arrowpress_heading-3412551036'  data-arrowpress-csstarget='h2'  data-arrowpress-responsive-tablet='{\"font-size\":\"35px\",\"line-height\":\"px !important\"}'  data-arrowpress-responsive-tablet-port='{\"font-size\":\"35px\",\"line-height\":\"px !important\"}'  data-arrowpress-responsive-mob-land='{\"font-size\":\"35px\",\"line-height\":\"px !important\"}'  data-arrowpress-responsive-mob='{\"font-size\":\"px\",\"line-height\":\"px !important\"}'  class=\"arrowpress-heading  heading-1 arrowpress_heading-3412551036 animated show-animate \r\n\ttext-center\t\t\t\tleft-pos\t\t\t\" data-animation-delay=\"1000\" data-animation=\"fadeInUp\">\r\n\t\t\t\r\n\t\t\t\t\t\t\t\t\t\t\t\t\t\t\t<h2 class=\"title-heading\" style=\"font-family:Raleway; font-weight:600; font-style:normal; color:#000000; font-size:35px; line-height:35px; \">\r\n\t\t\t\t\t\tTenemos dos opciones para ti\t\t\t\t\t<\/h2>\r\n\t\t\t\t\t\t\t\t\t\t<div class=\"line_separator\" style=\" width:60px; border-radius:20px; height:4px; background:#643887;\"><\/div>\r\n\t\t\r\n\t\t\t\r\n<\/div>\r\n<\/div>\n[vc_empty_space height=&#8221;25px&#8221;][\/vc_column][vc_column][vc_row_inner][vc_column_inner width=&#8221;1\/2&#8243;]   \r\n    <div class=\"arrowpress_container  custom-heading-2\">  \r\n<div  data-arrowpress-target='arrowpress_heading-1857237017'  data-arrowpress-csstarget='h2'  data-arrowpress-responsive-tablet='{\"font-size\":\"28px\",\"line-height\":\"px !important\"}'  data-arrowpress-responsive-tablet-port='{\"font-size\":\"28px\",\"line-height\":\"px !important\"}'  data-arrowpress-responsive-mob-land='{\"font-size\":\"28px\",\"line-height\":\"px !important\"}'  data-arrowpress-responsive-mob='{\"font-size\":\"px\",\"line-height\":\"px !important\"}'  class=\"arrowpress-heading  heading-1 arrowpress_heading-1857237017 animated show-animate \r\n\ttext-center\t\t\t\tleft-pos\t\t\t\" data-animation-delay=\"1000\" data-animation=\"fadeInUp\">\r\n\t\t\t\r\n\t\t\t\t\t\t\t\t\t\t\t\t\t\t\t<h2 class=\"title-heading\" style=\"font-family:Raleway; font-weight:600; font-style:normal; color:#643887; font-size:28px; line-height:35px; \">\r\n\t\t\t\t\t\tKit Minorista Nebulosa\t\t\t\t\t<\/h2>\r\n\t\t\t\t\t\t\t\t\t\r\n\t\t\t\r\n<\/div>\r\n<\/div>\n[vc_column_text]<\/p>\n<p style=\"font-size: 17px; margin-top: 20px; color: #000; font-weight: bold; text-align: center;\">Si vas con todo en este negocio, tenemos este kit din\u00e1mico con el cual tendr\u00e1s todos los productos necesarios para lanzarte al \u00e9xito, con el dinamismo de poder seleccionar parte de este kit, de acuerdo a tus necesidades.<\/p>\n<p>[\/vc_column_text][vc_single_image image=&#8221;8448&#8243; img_size=&#8221;full&#8221;][vc_column_text]<\/p>\n<p><center><a class=\"boton_morado\" href=\"https:\/\/ecopipo.com\/matriz\/oficina\/socio\/register.php?kit=distri\">Quiero Mi Kit <i class=\"vc_btn3-icon fa fa-arrow-circle-right\"><\/i><\/a><\/center>[\/vc_column_text][vc_empty_space height=&#8221;25px&#8221;][vc_empty_space height=&#8221;25px&#8221;][\/vc_column_inner][vc_column_inner width=&#8221;1\/2&#8243;]   \r\n    <div class=\"arrowpress_container  custom-heading-2\">  \r\n<div  data-arrowpress-target='arrowpress_heading-1109217629'  data-arrowpress-csstarget='h2'  data-arrowpress-responsive-tablet='{\"font-size\":\"28px\",\"line-height\":\"px !important\"}'  data-arrowpress-responsive-tablet-port='{\"font-size\":\"28px\",\"line-height\":\"px !important\"}'  data-arrowpress-responsive-mob-land='{\"font-size\":\"28px\",\"line-height\":\"px !important\"}'  data-arrowpress-responsive-mob='{\"font-size\":\"px\",\"line-height\":\"px !important\"}'  class=\"arrowpress-heading  heading-1 arrowpress_heading-1109217629 animated show-animate \r\n\ttext-center\t\t\t\tleft-pos\t\t\t\" data-animation-delay=\"1000\" data-animation=\"fadeInUp\">\r\n\t\t\t\r\n\t\t\t\t\t\t\t\t\t\t\t\t\t\t\t<h2 class=\"title-heading\" style=\"font-family:Raleway; font-weight:; font-style:; color:#b9017d; font-size:28px; line-height:35px; \">\r\n\t\t\t\t\t\tKit Minorista Nebulosa Lubella\t\t\t\t\t<\/h2>\r\n\t\t\t\t\t\t\t\t\t\r\n\t\t\t\r\n<\/div>\r\n<\/div>\n[vc_column_text]<\/p>\n<p style=\"font-size: 17px; margin-top: 20px; color: #000; font-weight: bold; text-align: center;\">Si lo que te gusta es hacer negocio con productos para mujeres, amigables con la naturaleza y reutilizables, tenemos este kit con todos nuestros productos de la marca Lubella, con el dinamismo de poder seleccionar parte de este kit, de acuerdo a tus necesidades.<\/p>\n<p>[\/vc_column_text][vc_single_image image=&#8221;8447&#8243; img_size=&#8221;full&#8221;][vc_column_text]<\/p>\n<p><center><a class=\"boton_violeta\" href=\"https:\/\/ecopipo.com\/matriz\/oficina\/socio\/register.php?kit=lubedistri\">Quiero Mi Kit <i class=\"vc_btn3-icon fa fa-arrow-circle-right\"><\/i><\/a><\/center>[\/vc_column_text][vc_empty_space height=&#8221;25px&#8221;][vc_empty_space height=&#8221;25px&#8221;][\/vc_column_inner][\/vc_row_inner][\/vc_column][vc_column][\/vc_column][\/vc_row]<\/p>\n","protected":false},"excerpt":{"rendered":"<p>[vc_row css=&#8221;.vc_custom_1664923737351{padding-top: 40px !important;}&#8221;][vc_column][\/vc_column][\/vc_row][vc_row wrap_container=&#8221;yes&#8221; css=&#8221;.vc_custom_1677107273293{background: #ffffff url(https:\/\/ecopipo.com\/matriz\/wp-content\/uploads\/2022\/06\/Ecopipo_Footer_70.png?id=2131) !important;}&#8221;][vc_column][vc_row_inner][vc_column_inner width=&#8221;1\/2&#8243;][vc_empty_space][vc_column_text] \u00bfEres una mujer emprendedora que quiere lograr m\u00e1s? T\u00fa puedes ser una distribuidora [\/vc_column_text][vc_single_image image=&#8221;2451&#8243; img_size=&#8221;full&#8221; alignment=&#8221;center&#8221;][\/vc_column_inner][vc_column_inner width=&#8221;1\/2&#8243;][vc_single_image image=&#8221;3087&#8243; img_size=&#8221;medium&#8221; [&hellip;]<\/p>\n","protected":false},"author":1,"featured_media":0,"parent":0,"menu_order":0,"comment_status":"closed","ping_status":"closed","template":"","meta":{"footnotes":""},"class_list":["post-2399","page","type-page","status-publish","hentry"],"aioseo_notices":[],"_links":{"self":[{"href":"https:\/\/ecopipo.com\/matriz\/wp-json\/wp\/v2\/pages\/2399","targetHints":{"allow":["GET"]}}],"collection":[{"href":"https:\/\/ecopipo.com\/matriz\/wp-json\/wp\/v2\/pages"}],"about":[{"href":"https:\/\/ecopipo.com\/matriz\/wp-json\/wp\/v2\/types\/page"}],"author":[{"embeddable":true,"href":"https:\/\/ecopipo.com\/matriz\/wp-json\/wp\/v2\/users\/1"}],"replies":[{"embeddable":true,"href":"https:\/\/ecopipo.com\/matriz\/wp-json\/wp\/v2\/comments?post=2399"}],"version-history":[{"count":55,"href":"https:\/\/ecopipo.com\/matriz\/wp-json\/wp\/v2\/pages\/2399\/revisions"}],"predecessor-version":[{"id":14653,"href":"https:\/\/ecopipo.com\/matriz\/wp-json\/wp\/v2\/pages\/2399\/revisions\/14653"}],"wp:attachment":[{"href":"https:\/\/ecopipo.com\/matriz\/wp-json\/wp\/v2\/media?parent=2399"}],"curies":[{"name":"wp","href":"https:\/\/api.w.org\/{rel}","templated":true}]}}