{"id":18357,"date":"2024-11-08T08:44:54","date_gmt":"2024-11-08T14:44:54","guid":{"rendered":"https:\/\/ecopipo.com\/matriz\/?post_type=product&#038;p=18357"},"modified":"2026-03-16T21:07:36","modified_gmt":"2026-03-17T03:07:36","slug":"pijama-adulto","status":"publish","type":"product","link":"https:\/\/ecopipo.com\/matriz\/producto\/pijama-adulto\/","title":{"rendered":"Pijama Adulto Axolochristmas"},"content":{"rendered":"<p>Duerme pl\u00e1cidamente con esta exquisita pijama de velour, ideal para la \u00e9poca de fr\u00edo, es suave, ligera, resistente, flexible y muy c\u00e1lida, sin dejar de lado la comodidad. Tiene manga larga y su textura es sedosa.<\/p>\n","protected":false},"excerpt":{"rendered":"<p>Duerme pl\u00e1cidamente con esta exquisita pijama de velour, ideal para la \u00e9poca de fr\u00edo, es suave, ligera, resistente, flexible y muy c\u00e1lida, sin dejar de lado la comodidad. Tiene manga [&hellip;]<\/p>\n","protected":false},"featured_media":29856,"template":"","meta":[],"product_brand":[],"product_cat":[234],"product_tag":[],"class_list":{"0":"post-18357","1":"product","2":"type-product","3":"status-publish","4":"has-post-thumbnail","6":"product_cat-outfit","8":"first","9":"instock","10":"shipping-taxable","11":"purchasable","12":"product-type-variable","13":"rtwpvg-product"},"supplier_id":null,"supplier_sku":"","barcode":null,"atum_controlled":true,"out_stock_date":null,"out_stock_threshold":null,"inheritable":true,"inbound_stock":0,"stock_on_hold":0,"sold_today":0,"sales_last_days":0,"reserved_stock":0,"customer_returns":0,"warehouse_damage":0,"lost_in_post":0,"other_logs":0,"out_stock_days":null,"lost_sales":0,"has_location":false,"update_date":"2026-04-17T17:53:41","atum_locations":[],"atum_stock_status":"instock","restock_status":false,"low_stock_amount":"","sales_update_date":"2026-04-17T17:53:41","calc_backorders":null,"aioseo_notices":[],"_links":{"self":[{"href":"https:\/\/ecopipo.com\/matriz\/wp-json\/wp\/v2\/product\/18357","targetHints":{"allow":["GET"]}}],"collection":[{"href":"https:\/\/ecopipo.com\/matriz\/wp-json\/wp\/v2\/product"}],"about":[{"href":"https:\/\/ecopipo.com\/matriz\/wp-json\/wp\/v2\/types\/product"}],"wp:featuredmedia":[{"embeddable":true,"href":"https:\/\/ecopipo.com\/matriz\/wp-json\/wp\/v2\/media\/29856"}],"wp:attachment":[{"href":"https:\/\/ecopipo.com\/matriz\/wp-json\/wp\/v2\/media?parent=18357"}],"wp:term":[{"taxonomy":"product_brand","embeddable":true,"href":"https:\/\/ecopipo.com\/matriz\/wp-json\/wp\/v2\/product_brand?post=18357"},{"taxonomy":"product_cat","embeddable":true,"href":"https:\/\/ecopipo.com\/matriz\/wp-json\/wp\/v2\/product_cat?post=18357"},{"taxonomy":"product_tag","embeddable":true,"href":"https:\/\/ecopipo.com\/matriz\/wp-json\/wp\/v2\/product_tag?post=18357"}],"curies":[{"name":"wp","href":"https:\/\/api.w.org\/{rel}","templated":true}]}}