{"id":21208,"date":"2025-03-05T10:59:18","date_gmt":"2025-03-05T16:59:18","guid":{"rendered":"https:\/\/ecopipo.com\/matriz\/?post_type=product&#038;p=21208"},"modified":"2026-04-02T17:32:26","modified_gmt":"2026-04-02T23:32:26","slug":"pijama-fresh-adulto","status":"publish","type":"product","link":"https:\/\/ecopipo.com\/matriz\/producto\/pijama-fresh-adulto\/","title":{"rendered":"Pijama Fresh Adulto"},"content":{"rendered":"<p>Duerme fresca y tranquilamente con esta exquisita pijama fresh de dos piezas: playera de manga corta y short, est\u00e1 hecha con tela muy suave que tiene la sensaci\u00f3n de piel de durazno, es tan flexible que permiten el libre movimiento al momento de dormir, adem\u00e1s es ligera, resistente y muy c\u00f3moda. Hecha en M\u00e9xico.<\/p>\n","protected":false},"excerpt":{"rendered":"<p>Duerme fresca y tranquilamente con esta exquisita pijama fresh de dos piezas: playera de manga corta y short, est\u00e1 hecha con tela muy suave que tiene la sensaci\u00f3n de piel de durazno, es tan flexible que permiten el libre movimiento al momento de dormir, adem\u00e1s es ligera, resistente y muy c\u00f3moda. Hecha en M\u00e9xico.<\/p>\n","protected":false},"featured_media":29854,"template":"","meta":[],"product_brand":[],"product_cat":[290],"product_tag":[],"class_list":{"0":"post-21208","1":"product","2":"type-product","3":"status-publish","4":"has-post-thumbnail","6":"product_cat-adulto","8":"first","9":"instock","10":"shipping-taxable","11":"purchasable","12":"product-type-variable","13":"rtwpvg-product"},"supplier_id":null,"supplier_sku":"","barcode":null,"atum_controlled":true,"out_stock_date":null,"out_stock_threshold":null,"inheritable":true,"inbound_stock":0,"stock_on_hold":0,"sold_today":0,"sales_last_days":2,"reserved_stock":0,"customer_returns":0,"warehouse_damage":0,"lost_in_post":0,"other_logs":0,"out_stock_days":null,"lost_sales":0,"has_location":false,"update_date":"2026-04-24T15:22:47","atum_locations":[],"atum_stock_status":"instock","restock_status":false,"low_stock_amount":"","sales_update_date":"2026-04-24T15:22:47","calc_backorders":null,"aioseo_notices":[],"_links":{"self":[{"href":"https:\/\/ecopipo.com\/matriz\/wp-json\/wp\/v2\/product\/21208","targetHints":{"allow":["GET"]}}],"collection":[{"href":"https:\/\/ecopipo.com\/matriz\/wp-json\/wp\/v2\/product"}],"about":[{"href":"https:\/\/ecopipo.com\/matriz\/wp-json\/wp\/v2\/types\/product"}],"wp:featuredmedia":[{"embeddable":true,"href":"https:\/\/ecopipo.com\/matriz\/wp-json\/wp\/v2\/media\/29854"}],"wp:attachment":[{"href":"https:\/\/ecopipo.com\/matriz\/wp-json\/wp\/v2\/media?parent=21208"}],"wp:term":[{"taxonomy":"product_brand","embeddable":true,"href":"https:\/\/ecopipo.com\/matriz\/wp-json\/wp\/v2\/product_brand?post=21208"},{"taxonomy":"product_cat","embeddable":true,"href":"https:\/\/ecopipo.com\/matriz\/wp-json\/wp\/v2\/product_cat?post=21208"},{"taxonomy":"product_tag","embeddable":true,"href":"https:\/\/ecopipo.com\/matriz\/wp-json\/wp\/v2\/product_tag?post=21208"}],"curies":[{"name":"wp","href":"https:\/\/api.w.org\/{rel}","templated":true}]}}