{"id":21221,"date":"2025-03-05T11:25:18","date_gmt":"2025-03-05T17:25:18","guid":{"rendered":"https:\/\/ecopipo.com\/matriz\/?post_type=product&#038;p=21221"},"modified":"2026-04-14T02:17:17","modified_gmt":"2026-04-14T07:17:17","slug":"pijama-super-soft-adulto","status":"publish","type":"product","link":"https:\/\/ecopipo.com\/matriz\/producto\/pijama-super-soft-adulto\/","title":{"rendered":"Pijama Super Soft Adulto"},"content":{"rendered":"<p><span style=\"font-weight: 400;\">Esta pijama de dos piezas: pantal\u00f3n con resorte en la cintura y playera con manga corta es de tela brush, suave como la piel de un durazno, flexible para no limitar el movimiento mientras duermes. Ideal para dormir fresca y bien tapada, descansar\u00e1s relajada y c\u00f3modamente.\u00a0<\/span><\/p>\n<p>&nbsp;<\/p>\n<p><span style=\"font-weight: 400;\">Es muy f\u00e1cil de lavar, la puedes meter a la lavadora, utiliza detergente para pa\u00f1ales Ecopipo o cualquier detergente biodegradable para alargar la vida de esta prenda, incluso puedes centrifugar, no la exprimas en rollito, s\u00f3lo s\u00e9calos tendidos de forma horizontal. Est\u00e1 elaborada con materiales de la m\u00e1s alta calidad y lo mejor es que est\u00e1 hecha en M\u00e9xico.<\/span><\/p>\n","protected":false},"excerpt":{"rendered":"<p><span style=\"font-weight: 400;\">Dormir fresca y bien tapada ahora es posible con esta exquisita pijama s\u00faper soft de dos piezas: playera de manga corta y pantal\u00f3n, est\u00e1 hecha con tela muy suave que tiene la sensaci\u00f3n de piel de durazno, su flexibilidad permite el libre movimiento al momento de dormir, es ligera, resistente y muy c\u00f3moda. Hecha en M\u00e9xico.<\/span><\/p>\n","protected":false},"featured_media":29852,"template":"","meta":[],"product_brand":[],"product_cat":[290],"product_tag":[],"class_list":{"0":"post-21221","1":"product","2":"type-product","3":"status-publish","4":"has-post-thumbnail","6":"product_cat-adulto","8":"first","9":"instock","10":"shipping-taxable","11":"purchasable","12":"product-type-variable","13":"rtwpvg-product"},"supplier_id":null,"supplier_sku":"","barcode":null,"atum_controlled":true,"out_stock_date":null,"out_stock_threshold":null,"inheritable":true,"inbound_stock":0,"stock_on_hold":1,"sold_today":1,"sales_last_days":2,"reserved_stock":0,"customer_returns":0,"warehouse_damage":0,"lost_in_post":0,"other_logs":0,"out_stock_days":null,"lost_sales":0,"has_location":false,"update_date":"2026-04-14T07:17:13","atum_locations":[],"atum_stock_status":"instock","restock_status":false,"low_stock_amount":"","sales_update_date":"2026-04-10T15:35:04","calc_backorders":null,"aioseo_notices":[],"_links":{"self":[{"href":"https:\/\/ecopipo.com\/matriz\/wp-json\/wp\/v2\/product\/21221","targetHints":{"allow":["GET"]}}],"collection":[{"href":"https:\/\/ecopipo.com\/matriz\/wp-json\/wp\/v2\/product"}],"about":[{"href":"https:\/\/ecopipo.com\/matriz\/wp-json\/wp\/v2\/types\/product"}],"wp:featuredmedia":[{"embeddable":true,"href":"https:\/\/ecopipo.com\/matriz\/wp-json\/wp\/v2\/media\/29852"}],"wp:attachment":[{"href":"https:\/\/ecopipo.com\/matriz\/wp-json\/wp\/v2\/media?parent=21221"}],"wp:term":[{"taxonomy":"product_brand","embeddable":true,"href":"https:\/\/ecopipo.com\/matriz\/wp-json\/wp\/v2\/product_brand?post=21221"},{"taxonomy":"product_cat","embeddable":true,"href":"https:\/\/ecopipo.com\/matriz\/wp-json\/wp\/v2\/product_cat?post=21221"},{"taxonomy":"product_tag","embeddable":true,"href":"https:\/\/ecopipo.com\/matriz\/wp-json\/wp\/v2\/product_tag?post=21221"}],"curies":[{"name":"wp","href":"https:\/\/api.w.org\/{rel}","templated":true}]}}