{"id":23279,"date":"2025-05-12T10:40:07","date_gmt":"2025-05-12T15:40:07","guid":{"rendered":"https:\/\/ecopipo.com\/matriz\/?post_type=product&#038;p=23279"},"modified":"2026-04-18T19:54:17","modified_gmt":"2026-04-19T00:54:17","slug":"panal-sin-absorbente-premium-liso","status":"publish","type":"product","link":"https:\/\/ecopipo.com\/matriz\/producto\/panal-sin-absorbente-premium-liso\/","title":{"rendered":"Pa\u00f1al Sin Absorbente Premium Liso"},"content":{"rendered":"<p class=\"prod_des\">Nuestro pa\u00f1al premium es el m\u00e1s completo y por ello es el mejor del mercado. <strong>Cada pa\u00f1al no incluye los tres absorbentes que se manejan en el completo<\/strong>, lo puedes utilizar desde los 3.5 kg. de peso de tu beb\u00e9, hasta los 16 kg., por eso es unitalla, se ajusta al tiro con broches frontales y a la cintura con velcros o broches, lo que m\u00e1s te guste. En la versi\u00f3n velcro, tambi\u00e9n cuenta con velcros de seguridad al interior que te permiten lavarlos con mayor facilidad. Tienen doble barrera antiescurrimiento patentada, est\u00e1n hechos en M\u00e9xico con telas certificadas de la mejor calidad que reducen las rozaduras y son hipoalerg\u00e9nicos. F\u00e1ciles de lavar, puedes utilizar lavadora y detergente para pa\u00f1ales Ecopipo o cualquier otro detergente biodegradable para alargar su vida \u00fatil, en ciclo de lavado muy sucio o intenso. La cubierta de bolsillo la puedes centrifugar y secar a la sombra, si llegan a tener manchitas, los puedes poner al sol 30 minutos para que se desmanchen.<\/p>\n<p><strong>Los absorbentes los puedes adquirir por separado.<\/strong><\/p>\n","protected":false},"excerpt":{"rendered":"<p class=\"prod_des\"><strong>Nuestro pa\u00f1al premium sin absorbentes es el m\u00e1s completo del mercado, no incluye los tres absorbentes<\/strong>, es unitalla, es decir, crece con tu beb\u00e9, muy f\u00e1cil de lavar y lo puedes ajustar a la cintura con velcros o con broches, tiene doble barrera antiescurrimiento y est\u00e1 elaborado con telas certificadas y libres de qu\u00edmicos t\u00f3xicos.<\/p>\n<p><strong>Los Absorbentes los puedes adquirir por separado.<\/strong><\/p>\n","protected":false},"featured_media":15355,"template":"","meta":[],"product_brand":[],"product_cat":[153],"product_tag":[],"class_list":{"0":"post-23279","1":"product","2":"type-product","3":"status-publish","4":"has-post-thumbnail","6":"product_cat-bebes","8":"first","9":"instock","10":"shipping-taxable","11":"purchasable","12":"product-type-variable","13":"rtwpvg-product"},"supplier_id":null,"supplier_sku":"","barcode":null,"atum_controlled":true,"out_stock_date":null,"out_stock_threshold":null,"inheritable":true,"inbound_stock":0,"stock_on_hold":0,"sold_today":0,"sales_last_days":1,"reserved_stock":0,"customer_returns":0,"warehouse_damage":0,"lost_in_post":0,"other_logs":0,"out_stock_days":null,"lost_sales":0,"has_location":false,"update_date":"2026-04-20T15:44:10","atum_locations":[],"atum_stock_status":"instock","restock_status":false,"low_stock_amount":"","sales_update_date":"2026-04-20T15:25:51","calc_backorders":null,"aioseo_notices":[],"_links":{"self":[{"href":"https:\/\/ecopipo.com\/matriz\/wp-json\/wp\/v2\/product\/23279","targetHints":{"allow":["GET"]}}],"collection":[{"href":"https:\/\/ecopipo.com\/matriz\/wp-json\/wp\/v2\/product"}],"about":[{"href":"https:\/\/ecopipo.com\/matriz\/wp-json\/wp\/v2\/types\/product"}],"wp:featuredmedia":[{"embeddable":true,"href":"https:\/\/ecopipo.com\/matriz\/wp-json\/wp\/v2\/media\/15355"}],"wp:attachment":[{"href":"https:\/\/ecopipo.com\/matriz\/wp-json\/wp\/v2\/media?parent=23279"}],"wp:term":[{"taxonomy":"product_brand","embeddable":true,"href":"https:\/\/ecopipo.com\/matriz\/wp-json\/wp\/v2\/product_brand?post=23279"},{"taxonomy":"product_cat","embeddable":true,"href":"https:\/\/ecopipo.com\/matriz\/wp-json\/wp\/v2\/product_cat?post=23279"},{"taxonomy":"product_tag","embeddable":true,"href":"https:\/\/ecopipo.com\/matriz\/wp-json\/wp\/v2\/product_tag?post=23279"}],"curies":[{"name":"wp","href":"https:\/\/api.w.org\/{rel}","templated":true}]}}