{"id":25846,"date":"2025-09-02T11:25:14","date_gmt":"2025-09-02T16:25:14","guid":{"rendered":"https:\/\/ecopipo.com\/matriz\/?post_type=product&#038;p=25846"},"modified":"2026-05-07T13:46:17","modified_gmt":"2026-05-07T18:46:17","slug":"calzon-menstrual-tiro-alto-flujo-moderado-abundante","status":"publish","type":"product","link":"https:\/\/ecopipo.com\/matriz\/producto\/calzon-menstrual-tiro-alto-flujo-moderado-abundante\/","title":{"rendered":"Calz\u00f3n Menstrual Tiro Alto"},"content":{"rendered":"<p><span style=\"font-weight: 400;\">Pensando en la seguridad y comodidad de todas las mujeres, creamos un calz\u00f3n menstrual con la absorci\u00f3n suficiente gracias al bamb\u00fa de su interior que permitir\u00e1 usarlo hasta por 8 horas, aunque sabemos que por higiene, se debe cambiar cada 4 horas. Su interior en tono claro, permite conocer el tono de la sangre para llevar una gesti\u00f3n menstrual m\u00e1s cuidada y tambi\u00e9n ayuda a saber en qu\u00e9 momento cambiarlo e impedir fugas. Adem\u00e1s es antibacterial y transpirable para evitar sarpullidos y sudoraciones, no guarda olores, es reutilizable, lo puedes lavar en lavadora con detergente biodegradable e incluso detergente para toallas femeninas. Su capacidad es equivalente a 6 tampones o 60 ml. \u00bfCu\u00e1ntos necesitar\u00e1s? Los que consideres suficientes para dos o tres d\u00edas, lavarlos y volverlos a usar,\u00a0 tienen un periodo de vida de al menos 7 a\u00f1os, los calzones menstruales Lubella est\u00e1n hechos en M\u00e9xico y adem\u00e1s cuentan con garant\u00eda (consulta t\u00e9rminos de la misma).<\/span><\/p>\n","protected":false},"excerpt":{"rendered":"<p><span style=\"font-weight: 400;\">Si\u00e9ntete como en cualquier otro d\u00eda pero con un calz\u00f3n menstrual reutilizable y c\u00f3modo, en un dise\u00f1o anat\u00f3mico y con excelente y s\u00faper absorci\u00f3n, no altera tus ciclos menstruales y no tendr\u00e1s fugas. Ir al gym, salir a correr, ir de paseo ser\u00e1n actividades que har\u00e1s sin temor a tener accidentes.<\/span><\/p>\n","protected":false},"featured_media":29850,"template":"","meta":[],"product_brand":[],"product_cat":[497,314],"product_tag":[],"class_list":{"0":"post-25846","1":"product","2":"type-product","3":"status-publish","4":"has-post-thumbnail","6":"product_cat-gestion-menstrual","7":"product_cat-mujer","9":"first","10":"instock","11":"shipping-taxable","12":"purchasable","13":"product-type-variable","14":"rtwpvg-product"},"supplier_id":null,"supplier_sku":"","barcode":null,"atum_controlled":true,"out_stock_date":null,"out_stock_threshold":null,"inheritable":true,"inbound_stock":0,"stock_on_hold":4,"sold_today":1,"sales_last_days":6,"reserved_stock":0,"customer_returns":0,"warehouse_damage":0,"lost_in_post":0,"other_logs":0,"out_stock_days":null,"lost_sales":0,"has_location":false,"update_date":"2026-05-07T19:37:36","atum_locations":[],"atum_stock_status":"instock","restock_status":false,"low_stock_amount":"","sales_update_date":"2026-05-07T17:13:25","calc_backorders":null,"aioseo_notices":[],"_links":{"self":[{"href":"https:\/\/ecopipo.com\/matriz\/wp-json\/wp\/v2\/product\/25846","targetHints":{"allow":["GET"]}}],"collection":[{"href":"https:\/\/ecopipo.com\/matriz\/wp-json\/wp\/v2\/product"}],"about":[{"href":"https:\/\/ecopipo.com\/matriz\/wp-json\/wp\/v2\/types\/product"}],"wp:featuredmedia":[{"embeddable":true,"href":"https:\/\/ecopipo.com\/matriz\/wp-json\/wp\/v2\/media\/29850"}],"wp:attachment":[{"href":"https:\/\/ecopipo.com\/matriz\/wp-json\/wp\/v2\/media?parent=25846"}],"wp:term":[{"taxonomy":"product_brand","embeddable":true,"href":"https:\/\/ecopipo.com\/matriz\/wp-json\/wp\/v2\/product_brand?post=25846"},{"taxonomy":"product_cat","embeddable":true,"href":"https:\/\/ecopipo.com\/matriz\/wp-json\/wp\/v2\/product_cat?post=25846"},{"taxonomy":"product_tag","embeddable":true,"href":"https:\/\/ecopipo.com\/matriz\/wp-json\/wp\/v2\/product_tag?post=25846"}],"curies":[{"name":"wp","href":"https:\/\/api.w.org\/{rel}","templated":true}]}}