{"id":25857,"date":"2025-09-02T13:49:14","date_gmt":"2025-09-02T18:49:14","guid":{"rendered":"https:\/\/ecopipo.com\/matriz\/?post_type=product&#038;p=25857"},"modified":"2026-05-07T14:17:24","modified_gmt":"2026-05-07T19:17:24","slug":"pastillas-pipo-fresh","status":"publish","type":"product","link":"https:\/\/ecopipo.com\/matriz\/producto\/pastillas-pipo-fresh\/","title":{"rendered":"Pastillas Pipo Fresh"},"content":{"rendered":"<p><strong>Pastillas para lavado profundo y antibacterial.<\/strong><\/p>\n<p><strong>Beneficios:<\/strong><\/p>\n<ul>\n<li>Tratamiento 2 en 1 que reduce el tiempo<\/li>\n<li>Mayor Eficiencia<\/li>\n<li>Elimina malos olores por funci\u00f3n antibacterial<\/li>\n<li>Elimina sedimentos en tus pa\u00f1ales para recuperar su absorci\u00f3n<\/li>\n<li>Deja tus pa\u00f1ales limpios y mas blancos.<\/li>\n<\/ul>\n<p><strong>Contenido:<\/strong> Tubo con 12 pastillas.<\/p>\n<p><strong>\u00bfC\u00f3mo se usa?<\/strong> Para lavado profundo, para cargas de hasta 10 kilos (15 pa\u00f1ales Max) agregar 1 pastilla en el tambor de tu lavadora o en una tina, llena de agua y coloca los pa\u00f1ales &#8220;limpios&#8221; y deja reposar de 60 a 90 min, una vez pasado el tiempo enjuaga y exprime 2 a 3 veces hasta que el agua salga limpia. Para cargas mayores puedes agregar una segunda pastilla.<\/p>\n<p><strong>Ingredientes:<\/strong> Carbono de sodio, sulfato de sodio, tensoactivo ani\u00f3nico, percarbonato de sodio, cifrato de sodio, acido c\u00edtrico, desinfectante de semillas c\u00edtricas, blanqueadores \u00f3pticos.<\/p>\n<p><strong>Precauciones:<\/strong> No ingerir, evite el contacto con piel y ojos, no se deje al alcance de los ni\u00f1os, en caso de ingesti\u00f3n accidental consulte a su medico.<\/p>\n<p>&nbsp;<\/p>\n","protected":false},"excerpt":{"rendered":"<p><strong>Pastillas para lavado profundo y antibacterial.<\/strong><\/p>\n<p><strong>Beneficios:<\/strong><\/p>\n<ul>\n<li>Tratamiento 2 en 1 que reduce el tiempo<\/li>\n<li>Mayor Eficiencia<\/li>\n<li>Elimina malos olores por funci\u00f3n antibacterial<\/li>\n<li>Elimina sedimentos en tus pa\u00f1ales para recuperar su absorci\u00f3n<\/li>\n<li>Deja tus pa\u00f1ales limpios y mas blancos.<\/li>\n<\/ul>\n","protected":false},"featured_media":26236,"template":"","meta":[],"product_brand":[],"product_cat":[535,534,532],"product_tag":[],"class_list":{"0":"post-25857","1":"product","2":"type-product","3":"status-publish","4":"has-post-thumbnail","6":"product_cat-lavado-profundo","7":"product_cat-liquido-antibacterial","8":"product_cat-para-lavar-cuidado","10":"first","11":"instock","12":"shipping-taxable","13":"purchasable","14":"product-type-simple"},"supplier_id":null,"supplier_sku":"","barcode":null,"atum_controlled":true,"out_stock_date":null,"out_stock_threshold":null,"inheritable":false,"inbound_stock":0,"stock_on_hold":23,"sold_today":0,"sales_last_days":93,"reserved_stock":0,"customer_returns":0,"warehouse_damage":0,"lost_in_post":0,"other_logs":0,"out_stock_days":0,"lost_sales":0,"has_location":false,"update_date":"2026-05-08T14:28:26","atum_locations":[],"atum_stock_status":"instock","restock_status":false,"low_stock_amount":50,"sales_update_date":"2026-05-08T14:28:26","calc_backorders":null,"aioseo_notices":[],"_links":{"self":[{"href":"https:\/\/ecopipo.com\/matriz\/wp-json\/wp\/v2\/product\/25857","targetHints":{"allow":["GET"]}}],"collection":[{"href":"https:\/\/ecopipo.com\/matriz\/wp-json\/wp\/v2\/product"}],"about":[{"href":"https:\/\/ecopipo.com\/matriz\/wp-json\/wp\/v2\/types\/product"}],"wp:featuredmedia":[{"embeddable":true,"href":"https:\/\/ecopipo.com\/matriz\/wp-json\/wp\/v2\/media\/26236"}],"wp:attachment":[{"href":"https:\/\/ecopipo.com\/matriz\/wp-json\/wp\/v2\/media?parent=25857"}],"wp:term":[{"taxonomy":"product_brand","embeddable":true,"href":"https:\/\/ecopipo.com\/matriz\/wp-json\/wp\/v2\/product_brand?post=25857"},{"taxonomy":"product_cat","embeddable":true,"href":"https:\/\/ecopipo.com\/matriz\/wp-json\/wp\/v2\/product_cat?post=25857"},{"taxonomy":"product_tag","embeddable":true,"href":"https:\/\/ecopipo.com\/matriz\/wp-json\/wp\/v2\/product_tag?post=25857"}],"curies":[{"name":"wp","href":"https:\/\/api.w.org\/{rel}","templated":true}]}}