{"id":3324,"date":"2022-11-01T16:38:08","date_gmt":"2022-11-01T16:38:08","guid":{"rendered":"https:\/\/ecopipo.com\/matriz\/?post_type=product&#038;p=3324"},"modified":"2026-04-06T19:06:09","modified_gmt":"2026-04-07T00:06:09","slug":"panal-de-natacion","status":"publish","type":"product","link":"https:\/\/ecopipo.com\/matriz\/producto\/panal-de-natacion\/","title":{"rendered":"Pa\u00f1al de Nataci\u00f3n Beb\u00e9s"},"content":{"rendered":"<p class=\"prod_des\">Nuestro Pa\u00f1al de nataci\u00f3n, adem\u00e1s de ser reutilizable, est\u00e1 hecho con telas de m\u00e1xima calidad sin materiales t\u00f3xicos. Crece con tu beb\u00e9, por lo que lo puedes usar a partir de los 3 meses de nacer, hasta los 3 a\u00f1os y medio o m\u00e1s, dependiendo de la complexi\u00f3n de tu beb\u00e9. Cuenta con barreras antiescurrimiento que te ayudar\u00e1n a evitar el c\u00f3digo caf\u00e9, ideal para las clases de nataci\u00f3n o para ir a la playa, en este caso te recomendamos llevar al menos dos. Al utilizar nuestro Pa\u00f1al de nataci\u00f3n, cuidas el medio ambiente ya que no terminar\u00e1 contaminando playas y mares, son muy ligeros, l\u00e1valos con detergente biodegradable para incrementar su periodo de vida, s\u00e9calos a la sombra y disfr\u00fatalos por a\u00f1os. Comb\u00ednalos con nuestras playeras de nataci\u00f3n que tienen los mismos estampados.<\/p>\n","protected":false},"excerpt":{"rendered":"<p class=\"prod_des\">Cuida el medio ambiente utilizando nuestro Pa\u00f1al de nataci\u00f3n reutilizable, que adem\u00e1s crece con tu beb\u00e9, es muy f\u00e1cil de lavar y de secar, te puede ayudar a salvarte del c\u00f3digo caf\u00e9, gracias a su barrera antiescurrimiento que atrapa los s\u00f3lidos de tu beb\u00e9.<\/p>\n","protected":false},"featured_media":22803,"template":"","meta":[],"product_brand":[],"product_cat":[153],"product_tag":[],"class_list":{"0":"post-3324","1":"product","2":"type-product","3":"status-publish","4":"has-post-thumbnail","6":"product_cat-bebes","8":"first","9":"instock","10":"featured","11":"shipping-taxable","12":"purchasable","13":"product-type-variable","14":"rtwpvg-product"},"supplier_id":null,"supplier_sku":"","barcode":null,"atum_controlled":true,"out_stock_date":null,"out_stock_threshold":null,"inheritable":true,"inbound_stock":0,"stock_on_hold":9,"sold_today":0,"sales_last_days":97,"reserved_stock":0,"customer_returns":0,"warehouse_damage":0,"lost_in_post":0,"other_logs":0,"out_stock_days":null,"lost_sales":0,"has_location":false,"update_date":"2026-04-07T18:24:09","atum_locations":[],"atum_stock_status":"instock","restock_status":false,"low_stock_amount":"","sales_update_date":"2026-03-23T23:18:31","calc_backorders":null,"aioseo_notices":[],"_links":{"self":[{"href":"https:\/\/ecopipo.com\/matriz\/wp-json\/wp\/v2\/product\/3324","targetHints":{"allow":["GET"]}}],"collection":[{"href":"https:\/\/ecopipo.com\/matriz\/wp-json\/wp\/v2\/product"}],"about":[{"href":"https:\/\/ecopipo.com\/matriz\/wp-json\/wp\/v2\/types\/product"}],"wp:featuredmedia":[{"embeddable":true,"href":"https:\/\/ecopipo.com\/matriz\/wp-json\/wp\/v2\/media\/22803"}],"wp:attachment":[{"href":"https:\/\/ecopipo.com\/matriz\/wp-json\/wp\/v2\/media?parent=3324"}],"wp:term":[{"taxonomy":"product_brand","embeddable":true,"href":"https:\/\/ecopipo.com\/matriz\/wp-json\/wp\/v2\/product_brand?post=3324"},{"taxonomy":"product_cat","embeddable":true,"href":"https:\/\/ecopipo.com\/matriz\/wp-json\/wp\/v2\/product_cat?post=3324"},{"taxonomy":"product_tag","embeddable":true,"href":"https:\/\/ecopipo.com\/matriz\/wp-json\/wp\/v2\/product_tag?post=3324"}],"curies":[{"name":"wp","href":"https:\/\/api.w.org\/{rel}","templated":true}]}}