{"id":3568,"date":"2022-11-01T22:24:30","date_gmt":"2022-11-01T22:24:30","guid":{"rendered":"https:\/\/ecopipo.com\/matriz\/?post_type=product&#038;p=3568"},"modified":"2026-04-29T13:11:49","modified_gmt":"2026-04-29T18:11:49","slug":"babero-outfit","status":"publish","type":"product","link":"https:\/\/ecopipo.com\/matriz\/producto\/babero-outfit\/","title":{"rendered":"Babero"},"content":{"rendered":"<p class=\"prod_des\">Baberos elaborados con telas certificadas que protegen y cuidan la piel de tu beb\u00e9, adem\u00e1s son impermeables, se ajustan al cuello con un broche y son muy f\u00e1ciles de lavar, los puedes meter a la lavadora con detergente Ecopipo o cualquier otro que sea biodegradable y secarlos a la sombra comb\u00ednalos con tus pa\u00f1ales y crea el outfit perfecto para tu beb\u00e9.<\/p>\n","protected":false},"excerpt":{"rendered":"<p class=\"prod_des\">Nuestros baberos son ideales para atrapar las babitas de tu beb\u00e9 e impedir que humedezcan su ropita, si tu beb\u00e9 ya est\u00e1 en proceso de ablactaci\u00f3n, son excelentes para evitar manchas.<\/p>\n","protected":false},"featured_media":20885,"template":"","meta":[],"product_brand":[],"product_cat":[234],"product_tag":[],"class_list":{"0":"post-3568","1":"product","2":"type-product","3":"status-publish","4":"has-post-thumbnail","6":"product_cat-outfit","8":"first","9":"instock","10":"shipping-taxable","11":"purchasable","12":"product-type-variable","13":"rtwpvg-product"},"supplier_id":null,"supplier_sku":"","barcode":null,"atum_controlled":true,"out_stock_date":null,"out_stock_threshold":null,"inheritable":true,"inbound_stock":0,"stock_on_hold":3,"sold_today":5,"sales_last_days":122,"reserved_stock":0,"customer_returns":0,"warehouse_damage":0,"lost_in_post":0,"other_logs":0,"out_stock_days":null,"lost_sales":0,"has_location":false,"update_date":"2026-04-30T15:06:48","atum_locations":[],"atum_stock_status":"instock","restock_status":false,"low_stock_amount":"","sales_update_date":"2026-04-30T15:06:48","calc_backorders":null,"aioseo_notices":[],"_links":{"self":[{"href":"https:\/\/ecopipo.com\/matriz\/wp-json\/wp\/v2\/product\/3568","targetHints":{"allow":["GET"]}}],"collection":[{"href":"https:\/\/ecopipo.com\/matriz\/wp-json\/wp\/v2\/product"}],"about":[{"href":"https:\/\/ecopipo.com\/matriz\/wp-json\/wp\/v2\/types\/product"}],"wp:featuredmedia":[{"embeddable":true,"href":"https:\/\/ecopipo.com\/matriz\/wp-json\/wp\/v2\/media\/20885"}],"wp:attachment":[{"href":"https:\/\/ecopipo.com\/matriz\/wp-json\/wp\/v2\/media?parent=3568"}],"wp:term":[{"taxonomy":"product_brand","embeddable":true,"href":"https:\/\/ecopipo.com\/matriz\/wp-json\/wp\/v2\/product_brand?post=3568"},{"taxonomy":"product_cat","embeddable":true,"href":"https:\/\/ecopipo.com\/matriz\/wp-json\/wp\/v2\/product_cat?post=3568"},{"taxonomy":"product_tag","embeddable":true,"href":"https:\/\/ecopipo.com\/matriz\/wp-json\/wp\/v2\/product_tag?post=3568"}],"curies":[{"name":"wp","href":"https:\/\/api.w.org\/{rel}","templated":true}]}}