{"id":3854,"date":"2022-11-04T03:03:42","date_gmt":"2022-11-04T03:03:42","guid":{"rendered":"https:\/\/ecopipo.com\/matriz\/?post_type=product&#038;p=3854"},"modified":"2026-05-15T12:01:24","modified_gmt":"2026-05-15T17:01:24","slug":"liners-de-tela","status":"publish","type":"product","link":"https:\/\/ecopipo.com\/matriz\/producto\/liners-de-tela\/","title":{"rendered":"Liners De Tela"},"content":{"rendered":"<p>Son lavables, reutilizables y f\u00e1ciles de lavar. Los liners de tela ayudan a captar los s\u00f3lidos de tu beb\u00e9, evitan que tu pa\u00f1al se manche y por un lado tambi\u00e9n tienen el efecto siempre seco como el de los pa\u00f1ales ecol\u00f3gicos Ecopipo para que tu beb\u00e9 no sienta la humedad de la pipi y por el otro tienen velour de algod\u00f3n para mayor suavidad al contacto con la piel. El color gris ayuda a evitar manchas. Son muy f\u00e1ciles de lavar, puedes agregarlos a tu carga de pa\u00f1ales en la lavadora, es recomendable usar detergente para pa\u00f1ales Ecopipo o cualquier otro detergente biodegradable, esto ayudar\u00e1 a su cuidado. Vienen en presentaci\u00f3n de 10 piezas por paquete.<\/p>\n","protected":false},"excerpt":{"rendered":"<p>Los liners de tela reusables son el complemento ideal para tus pa\u00f1ales ecol\u00f3gicos, ayudan a captar los s\u00f3lidos y a que tu pa\u00f1al no se manche, adem\u00e1s tienen efecto siempre seco por un lado y por el otro velour de algod\u00f3n para mayor suavidad con la piel de tu beb\u00e9.<\/p>\n","protected":false},"featured_media":5355,"template":"","meta":[],"product_brand":[],"product_cat":[261],"product_tag":[],"class_list":{"0":"post-3854","1":"product","2":"type-product","3":"status-publish","4":"has-post-thumbnail","6":"product_cat-cuidado","8":"first","9":"instock","10":"shipping-taxable","11":"purchasable","12":"product-type-simple"},"supplier_id":null,"supplier_sku":"","barcode":null,"atum_controlled":true,"out_stock_date":null,"out_stock_threshold":null,"inheritable":false,"inbound_stock":0,"stock_on_hold":3,"sold_today":1,"sales_last_days":6,"reserved_stock":0,"customer_returns":0,"warehouse_damage":0,"lost_in_post":0,"other_logs":0,"out_stock_days":0,"lost_sales":0,"has_location":false,"update_date":"2026-05-15T17:11:05","atum_locations":[],"atum_stock_status":"instock","restock_status":false,"low_stock_amount":30,"sales_update_date":"2026-05-15T17:11:05","calc_backorders":null,"aioseo_notices":[],"_links":{"self":[{"href":"https:\/\/ecopipo.com\/matriz\/wp-json\/wp\/v2\/product\/3854","targetHints":{"allow":["GET"]}}],"collection":[{"href":"https:\/\/ecopipo.com\/matriz\/wp-json\/wp\/v2\/product"}],"about":[{"href":"https:\/\/ecopipo.com\/matriz\/wp-json\/wp\/v2\/types\/product"}],"wp:featuredmedia":[{"embeddable":true,"href":"https:\/\/ecopipo.com\/matriz\/wp-json\/wp\/v2\/media\/5355"}],"wp:attachment":[{"href":"https:\/\/ecopipo.com\/matriz\/wp-json\/wp\/v2\/media?parent=3854"}],"wp:term":[{"taxonomy":"product_brand","embeddable":true,"href":"https:\/\/ecopipo.com\/matriz\/wp-json\/wp\/v2\/product_brand?post=3854"},{"taxonomy":"product_cat","embeddable":true,"href":"https:\/\/ecopipo.com\/matriz\/wp-json\/wp\/v2\/product_cat?post=3854"},{"taxonomy":"product_tag","embeddable":true,"href":"https:\/\/ecopipo.com\/matriz\/wp-json\/wp\/v2\/product_tag?post=3854"}],"curies":[{"name":"wp","href":"https:\/\/api.w.org\/{rel}","templated":true}]}}