{"id":4021,"date":"2022-11-04T23:10:52","date_gmt":"2022-11-04T23:10:52","guid":{"rendered":"https:\/\/ecopipo.com\/matriz\/?post_type=product&#038;p=4021"},"modified":"2026-04-19T20:04:10","modified_gmt":"2026-04-20T01:04:10","slug":"refuerzo-de-bambu","status":"publish","type":"product","link":"https:\/\/ecopipo.com\/matriz\/producto\/refuerzo-de-bambu\/","title":{"rendered":"Refuerzo de Bamb\u00fa"},"content":{"rendered":"<p class=\"prod_des\">Nuestro absorbente de refuerzo de bamb\u00fa kids, ayudar\u00e1 a que ni\u00f1os grandes se sientan a\u00fan m\u00e1s c\u00f3modos al utilizar nuestros pa\u00f1ales, ya que favorecen en tener mayor retenci\u00f3n de l\u00edquidos y mantener el efecto siempre seco de tus pa\u00f1ales, es ideal para reforzar durante la noche, son muy f\u00e1ciles de lavar, para ello puedes utilizar nuestro detergente para pa\u00f1ales Ecopipo o bien, utilizar cualquier detergente biodegradable para alargar su vida \u00fatil, puedes secar al sol o a la sombra.<\/p>\n","protected":false},"excerpt":{"rendered":"<p class=\"prod_des\">Pensando en las necesidades de los ni\u00f1os m\u00e1s grandes que usan\/necesitan nuestros pa\u00f1ales, hemos elaborado este absorbente de refuerzo que ayuda a retener mayor cantidad de l\u00edquidos en el pa\u00f1al, se coloca f\u00e1cilmente y gracias a que es reusable, puedes lavarlo y volverlo a utilizar cuando lo requieras.<\/p>\n","protected":false},"featured_media":5360,"template":"","meta":[],"product_brand":[],"product_cat":[295],"product_tag":[],"class_list":{"0":"post-4021","1":"product","2":"type-product","3":"status-publish","4":"has-post-thumbnail","6":"product_cat-absorbentes","8":"first","9":"instock","10":"shipping-taxable","11":"purchasable","12":"product-type-variable","13":"rtwpvg-product"},"supplier_id":null,"supplier_sku":"","barcode":null,"atum_controlled":true,"out_stock_date":null,"out_stock_threshold":null,"inheritable":false,"inbound_stock":0,"stock_on_hold":0,"sold_today":0,"sales_last_days":4,"reserved_stock":0,"customer_returns":0,"warehouse_damage":0,"lost_in_post":0,"other_logs":0,"out_stock_days":null,"lost_sales":0,"has_location":false,"update_date":"2026-04-28T17:53:32","atum_locations":[],"atum_stock_status":"instock","restock_status":false,"low_stock_amount":"","sales_update_date":"2026-03-26T18:19:20","calc_backorders":null,"aioseo_notices":[],"_links":{"self":[{"href":"https:\/\/ecopipo.com\/matriz\/wp-json\/wp\/v2\/product\/4021","targetHints":{"allow":["GET"]}}],"collection":[{"href":"https:\/\/ecopipo.com\/matriz\/wp-json\/wp\/v2\/product"}],"about":[{"href":"https:\/\/ecopipo.com\/matriz\/wp-json\/wp\/v2\/types\/product"}],"wp:featuredmedia":[{"embeddable":true,"href":"https:\/\/ecopipo.com\/matriz\/wp-json\/wp\/v2\/media\/5360"}],"wp:attachment":[{"href":"https:\/\/ecopipo.com\/matriz\/wp-json\/wp\/v2\/media?parent=4021"}],"wp:term":[{"taxonomy":"product_brand","embeddable":true,"href":"https:\/\/ecopipo.com\/matriz\/wp-json\/wp\/v2\/product_brand?post=4021"},{"taxonomy":"product_cat","embeddable":true,"href":"https:\/\/ecopipo.com\/matriz\/wp-json\/wp\/v2\/product_cat?post=4021"},{"taxonomy":"product_tag","embeddable":true,"href":"https:\/\/ecopipo.com\/matriz\/wp-json\/wp\/v2\/product_tag?post=4021"}],"curies":[{"name":"wp","href":"https:\/\/api.w.org\/{rel}","templated":true}]}}