{"id":4277,"date":"2022-11-08T18:19:03","date_gmt":"2022-11-08T18:19:03","guid":{"rendered":"https:\/\/ecopipo.com\/matriz\/?post_type=product&#038;p=4277"},"modified":"2026-04-03T22:15:02","modified_gmt":"2026-04-04T04:15:02","slug":"panoleta-estampada","status":"publish","type":"product","link":"https:\/\/ecopipo.com\/matriz\/producto\/panoleta-estampada\/","title":{"rendered":"Pa\u00f1oleta Estampada"},"content":{"rendered":"<p class=\"prod_des\">Nuestras pa\u00f1oletas tienen el tama\u00f1o perfecto para utilizarlas para el cabello, en el cuello, en la mu\u00f1eca o para decorar tu bolso. Est\u00e1n hechas en M\u00e9xico con tela satinada y muy suave. Las puedes lavar a mano o en lavadora en ciclo delicado con detergente biodegradable, seca a la sombra.<\/p>\n","protected":false},"excerpt":{"rendered":"<p class=\"prod_des\">Incluye en tu outfit esta incre\u00edble pa\u00f1oleta de tela satinada y suave que te har\u00e1 lucir espectacular.<\/p>\n","protected":false},"featured_media":15382,"template":"","meta":[],"product_brand":[],"product_cat":[314],"product_tag":[],"class_list":{"0":"post-4277","1":"product","2":"type-product","3":"status-publish","4":"has-post-thumbnail","6":"product_cat-mujer","8":"first","9":"instock","10":"shipping-taxable","11":"purchasable","12":"product-type-variable","13":"rtwpvg-product"},"supplier_id":null,"supplier_sku":"","barcode":null,"atum_controlled":true,"out_stock_date":null,"out_stock_threshold":null,"inheritable":true,"inbound_stock":0,"stock_on_hold":15,"sold_today":1,"sales_last_days":34,"reserved_stock":0,"customer_returns":0,"warehouse_damage":0,"lost_in_post":0,"other_logs":0,"out_stock_days":null,"lost_sales":0,"has_location":false,"update_date":"2026-04-07T19:14:12","atum_locations":[],"atum_stock_status":"instock","restock_status":false,"low_stock_amount":"","sales_update_date":"2026-03-26T21:50:29","calc_backorders":null,"aioseo_notices":[],"_links":{"self":[{"href":"https:\/\/ecopipo.com\/matriz\/wp-json\/wp\/v2\/product\/4277","targetHints":{"allow":["GET"]}}],"collection":[{"href":"https:\/\/ecopipo.com\/matriz\/wp-json\/wp\/v2\/product"}],"about":[{"href":"https:\/\/ecopipo.com\/matriz\/wp-json\/wp\/v2\/types\/product"}],"wp:featuredmedia":[{"embeddable":true,"href":"https:\/\/ecopipo.com\/matriz\/wp-json\/wp\/v2\/media\/15382"}],"wp:attachment":[{"href":"https:\/\/ecopipo.com\/matriz\/wp-json\/wp\/v2\/media?parent=4277"}],"wp:term":[{"taxonomy":"product_brand","embeddable":true,"href":"https:\/\/ecopipo.com\/matriz\/wp-json\/wp\/v2\/product_brand?post=4277"},{"taxonomy":"product_cat","embeddable":true,"href":"https:\/\/ecopipo.com\/matriz\/wp-json\/wp\/v2\/product_cat?post=4277"},{"taxonomy":"product_tag","embeddable":true,"href":"https:\/\/ecopipo.com\/matriz\/wp-json\/wp\/v2\/product_tag?post=4277"}],"curies":[{"name":"wp","href":"https:\/\/api.w.org\/{rel}","templated":true}]}}