{"id":4852,"date":"2022-11-23T16:21:00","date_gmt":"2022-11-23T22:21:00","guid":{"rendered":"https:\/\/ecopipo.com\/matriz\/?post_type=product&#038;p=4852"},"modified":"2025-04-21T11:14:26","modified_gmt":"2025-04-21T16:14:26","slug":"toalla-femenina-regular-2","status":"publish","type":"product","link":"https:\/\/ecopipo.com\/matriz\/producto\/toalla-femenina-regular-2\/","title":{"rendered":"Toalla Femenina Regular"},"content":{"rendered":"<p>Ideales para un flujo normal, est\u00e1n elaboradas con suaves telas certificadas que no da\u00f1an tu piel, son impermeables, transpirables, s\u00faper absorbentes y gracias a su efecto siempre seco, tendr\u00e1s esta misma sensaci\u00f3n mientras las utilizas, tienen alitas con dos broches en una de ellas para asegurarlas a tu prenda y que su ajuste sea perfecto. No guardan malos olores, son suaves y c\u00f3modas. Para lavarlas, utiliza el detergente para toallas femeninas de tela de Lubella, con este, aseguras su buen funcionamiento y alargas la vida de las mismas; o bien, puedes utilizar cualquier detergente biodegradable. Aprovecha el momento de la ducha para hacer un prelavado con unas gotas de detergente y tall\u00e1ndolas suavemente entre s\u00ed mismas y sin restregar, enjuaga y deja secar. Cuando tengas suficientes toallas femeninas de tela prelavadas, m\u00e9telas a la lavadora con una o dos gotas de detergente por cada una, tiende a la sombra. No utilices cloro, suavizantes de telas, jab\u00f3n de barra, vinagre o productos con \u00f3xido de zinc.<\/p>\n","protected":false},"excerpt":{"rendered":"<p>Ideales para un flujo normal, est\u00e1n elaboradas con suaves telas certificadas que no da\u00f1an tu piel, son impermeables, transpirables, s\u00faper absorbentes y gracias a su efecto siempre seco, tendr\u00e1s esta misma sensaci\u00f3n mientras las utilizas, tienen alitas con dos broches en una de ellas para asegurarlas a tu prenda y que su ajuste sea perfecto. No guardan malos olores, son suaves y c\u00f3modas. Para lavarlas, utiliza el detergente para toallas femeninas de tela de Lubella, con este, aseguras su buen funcionamiento y alargas la vida de las mismas; o bien, puedes utilizar cualquier detergente biodegradable. Aprovecha el momento de la ducha para hacer un prelavado con unas gotas de detergente y tall\u00e1ndolas suavemente entre s\u00ed mismas y sin restregar, enjuaga y deja secar. Cuando tengas suficientes toallas femeninas de tela prelavadas, m\u00e9telas a la lavadora con una o dos gotas de detergente por cada una, tiende a la sombra. No utilices cloro, suavizantes de telas, jab\u00f3n de barra, vinagre o productos con \u00f3xido de zinc.<\/p>\n","protected":false},"featured_media":5132,"template":"","meta":[],"product_brand":[],"product_cat":[151],"product_tag":[],"class_list":{"0":"post-4852","1":"product","2":"type-product","3":"status-publish","4":"has-post-thumbnail","6":"product_cat-kits","8":"first","9":"outofstock","10":"shipping-taxable","11":"purchasable","12":"product-type-simple"},"supplier_id":null,"supplier_sku":"","barcode":null,"atum_controlled":true,"out_stock_date":"2025-04-21 11:14:26","out_stock_threshold":null,"inheritable":false,"inbound_stock":0,"stock_on_hold":0,"sold_today":0,"sales_last_days":0,"reserved_stock":0,"customer_returns":0,"warehouse_damage":0,"lost_in_post":0,"other_logs":0,"out_stock_days":364,"lost_sales":0,"has_location":false,"update_date":"2026-04-20T16:11:50","atum_locations":[],"atum_stock_status":"outofstock","restock_status":false,"low_stock_amount":"","sales_update_date":"2026-04-20T16:11:50","calc_backorders":null,"aioseo_notices":[],"_links":{"self":[{"href":"https:\/\/ecopipo.com\/matriz\/wp-json\/wp\/v2\/product\/4852","targetHints":{"allow":["GET"]}}],"collection":[{"href":"https:\/\/ecopipo.com\/matriz\/wp-json\/wp\/v2\/product"}],"about":[{"href":"https:\/\/ecopipo.com\/matriz\/wp-json\/wp\/v2\/types\/product"}],"wp:featuredmedia":[{"embeddable":true,"href":"https:\/\/ecopipo.com\/matriz\/wp-json\/wp\/v2\/media\/5132"}],"wp:attachment":[{"href":"https:\/\/ecopipo.com\/matriz\/wp-json\/wp\/v2\/media?parent=4852"}],"wp:term":[{"taxonomy":"product_brand","embeddable":true,"href":"https:\/\/ecopipo.com\/matriz\/wp-json\/wp\/v2\/product_brand?post=4852"},{"taxonomy":"product_cat","embeddable":true,"href":"https:\/\/ecopipo.com\/matriz\/wp-json\/wp\/v2\/product_cat?post=4852"},{"taxonomy":"product_tag","embeddable":true,"href":"https:\/\/ecopipo.com\/matriz\/wp-json\/wp\/v2\/product_tag?post=4852"}],"curies":[{"name":"wp","href":"https:\/\/api.w.org\/{rel}","templated":true}]}}