{"id":5390,"date":"2022-12-01T16:35:14","date_gmt":"2022-12-01T16:35:14","guid":{"rendered":"https:\/\/ecopipo.com\/matriz\/?post_type=product&#038;p=5390"},"modified":"2026-04-15T16:58:16","modified_gmt":"2026-04-15T21:58:16","slug":"bolsa-de-lavanderia-gde","status":"publish","type":"product","link":"https:\/\/ecopipo.com\/matriz\/producto\/bolsa-de-lavanderia-gde\/","title":{"rendered":"Bolsa de Lavander\u00eda"},"content":{"rendered":"<p class=\"prod_des\">La bolsa de lavander\u00eda es ideal para guardar los pa\u00f1ales sucios y juntarlos hasta el d\u00eda de lavado, su forma tipo costal cerrada por una jareta la hace vers\u00e1til para colgarse junto a la lavadora, en la rec\u00e1mara del beb\u00e9 o dentro de un bote. La puedes usar para tus viajes ya sea para pa\u00f1ales o para ropa sucia.<\/p>\n","protected":false},"excerpt":{"rendered":"<p class=\"prod_des\">La bolsa de lavander\u00eda es ideal para guardar los pa\u00f1ales sucios y juntarlos hasta el d\u00eda de lavado, su forma tipo costal cerrada por una jareta la hace vers\u00e1til para colgarse junto a la lavadora, en la rec\u00e1mara del beb\u00e9 o dentro de un bote. La puedes usar para tus viajes ya sea para pa\u00f1ales o para ropa sucia.<\/p>\n","protected":false},"featured_media":15374,"template":"","meta":[],"product_brand":[],"product_cat":[261],"product_tag":[],"class_list":{"0":"post-5390","1":"product","2":"type-product","3":"status-publish","4":"has-post-thumbnail","6":"product_cat-cuidado","8":"first","9":"instock","10":"shipping-taxable","11":"purchasable","12":"product-type-variable","13":"rtwpvg-product"},"supplier_id":null,"supplier_sku":"","barcode":null,"atum_controlled":true,"out_stock_date":null,"out_stock_threshold":null,"inheritable":true,"inbound_stock":0,"stock_on_hold":3,"sold_today":0,"sales_last_days":3,"reserved_stock":0,"customer_returns":0,"warehouse_damage":0,"lost_in_post":0,"other_logs":0,"out_stock_days":null,"lost_sales":0,"has_location":false,"update_date":"2026-04-17T15:34:09","atum_locations":[],"atum_stock_status":"instock","restock_status":false,"low_stock_amount":"","sales_update_date":"2026-04-17T15:34:09","calc_backorders":null,"aioseo_notices":[],"_links":{"self":[{"href":"https:\/\/ecopipo.com\/matriz\/wp-json\/wp\/v2\/product\/5390","targetHints":{"allow":["GET"]}}],"collection":[{"href":"https:\/\/ecopipo.com\/matriz\/wp-json\/wp\/v2\/product"}],"about":[{"href":"https:\/\/ecopipo.com\/matriz\/wp-json\/wp\/v2\/types\/product"}],"wp:featuredmedia":[{"embeddable":true,"href":"https:\/\/ecopipo.com\/matriz\/wp-json\/wp\/v2\/media\/15374"}],"wp:attachment":[{"href":"https:\/\/ecopipo.com\/matriz\/wp-json\/wp\/v2\/media?parent=5390"}],"wp:term":[{"taxonomy":"product_brand","embeddable":true,"href":"https:\/\/ecopipo.com\/matriz\/wp-json\/wp\/v2\/product_brand?post=5390"},{"taxonomy":"product_cat","embeddable":true,"href":"https:\/\/ecopipo.com\/matriz\/wp-json\/wp\/v2\/product_cat?post=5390"},{"taxonomy":"product_tag","embeddable":true,"href":"https:\/\/ecopipo.com\/matriz\/wp-json\/wp\/v2\/product_tag?post=5390"}],"curies":[{"name":"wp","href":"https:\/\/api.w.org\/{rel}","templated":true}]}}