{"id":6450,"date":"2023-02-13T13:51:30","date_gmt":"2023-02-13T19:51:30","guid":{"rendered":"https:\/\/ecopipo.com\/matriz\/?post_type=product&#038;p=6450"},"modified":"2025-04-21T11:13:26","modified_gmt":"2025-04-21T16:13:26","slug":"toalla-femenina-teen-kcl","status":"publish","type":"product","link":"https:\/\/ecopipo.com\/matriz\/producto\/toalla-femenina-teen-kcl\/","title":{"rendered":"Toalla Femenina Teen"},"content":{"rendered":"<p>Ideales para un flujo normal, est\u00e1n elaboradas con suaves telas certificadas que no da\u00f1an la piel, son impermeables, transpirables, s\u00faper absorbentes y gracias a su efecto siempre seco, tendr\u00e1s esta misma sensaci\u00f3n mientras las utilizas, tienen alitas con dos broches en una de ellas para asegurarlas a la prenda y que su ajuste sea perfecto. No guardan malos olores, son suaves y c\u00f3modas. Para lavarlas, utiliza el detergente para toallas femeninas de tela de Lubella, con este, aseguras su buen funcionamiento y alargas la vida de las mismas; o bien, puedes utilizar cualquier detergente biodegradable. Aprovecha el momento de la ducha para hacer un prelavado con unas gotas de detergente y tall\u00e1ndolas suavemente entre s\u00ed mismas y sin restregar, enjuaga y deja secar. Cuando tengas suficientes toallas femeninas de tela prelavadas, m\u00e9telas a la lavadora con una o dos gotas de detergente por cada una, tiende a la sombra. No utilices cloro, suavizantes de telas, jab\u00f3n de barra, vinagre o productos con \u00f3xido de zinc.<\/p>\n","protected":false},"excerpt":{"rendered":"<p>Ideales para un flujo normal, est\u00e1n elaboradas con suaves telas certificadas que no da\u00f1an la piel, son impermeables, transpirables, s\u00faper absorbentes y gracias a su efecto siempre seco, tendr\u00e1s esta misma sensaci\u00f3n mientras las utilizas, tienen alitas con dos broches en una de ellas para asegurarlas a la prenda y que su ajuste sea perfecto. No guardan malos olores, son suaves y c\u00f3modas. Para lavarlas, utiliza el detergente para toallas femeninas de tela de Lubella, con este, aseguras su buen funcionamiento y alargas la vida de las mismas; o bien, puedes utilizar cualquier detergente biodegradable. Aprovecha el momento de la ducha para hacer un prelavado con unas gotas de detergente y tall\u00e1ndolas suavemente entre s\u00ed mismas y sin restregar, enjuaga y deja secar. Cuando tengas suficientes toallas femeninas de tela prelavadas, m\u00e9telas a la lavadora con una o dos gotas de detergente por cada una, tiende a la sombra. No utilices cloro, suavizantes de telas, jab\u00f3n de barra, vinagre o productos con \u00f3xido de zinc.<\/p>\n","protected":false},"featured_media":5141,"template":"","meta":[],"product_brand":[],"product_cat":[151],"product_tag":[],"class_list":{"0":"post-6450","1":"product","2":"type-product","3":"status-publish","4":"has-post-thumbnail","6":"product_cat-kits","8":"first","9":"outofstock","10":"shipping-taxable","11":"purchasable","12":"product-type-simple"},"supplier_id":null,"supplier_sku":"","barcode":null,"atum_controlled":true,"out_stock_date":"2025-04-21 11:13:26","out_stock_threshold":null,"inheritable":false,"inbound_stock":0,"stock_on_hold":0,"sold_today":0,"sales_last_days":0,"reserved_stock":0,"customer_returns":0,"warehouse_damage":0,"lost_in_post":0,"other_logs":0,"out_stock_days":359,"lost_sales":0,"has_location":false,"update_date":"2026-04-15T21:19:46","atum_locations":[],"atum_stock_status":"outofstock","restock_status":false,"low_stock_amount":"","sales_update_date":"2026-04-15T21:19:46","calc_backorders":null,"aioseo_notices":[],"_links":{"self":[{"href":"https:\/\/ecopipo.com\/matriz\/wp-json\/wp\/v2\/product\/6450","targetHints":{"allow":["GET"]}}],"collection":[{"href":"https:\/\/ecopipo.com\/matriz\/wp-json\/wp\/v2\/product"}],"about":[{"href":"https:\/\/ecopipo.com\/matriz\/wp-json\/wp\/v2\/types\/product"}],"wp:featuredmedia":[{"embeddable":true,"href":"https:\/\/ecopipo.com\/matriz\/wp-json\/wp\/v2\/media\/5141"}],"wp:attachment":[{"href":"https:\/\/ecopipo.com\/matriz\/wp-json\/wp\/v2\/media?parent=6450"}],"wp:term":[{"taxonomy":"product_brand","embeddable":true,"href":"https:\/\/ecopipo.com\/matriz\/wp-json\/wp\/v2\/product_brand?post=6450"},{"taxonomy":"product_cat","embeddable":true,"href":"https:\/\/ecopipo.com\/matriz\/wp-json\/wp\/v2\/product_cat?post=6450"},{"taxonomy":"product_tag","embeddable":true,"href":"https:\/\/ecopipo.com\/matriz\/wp-json\/wp\/v2\/product_tag?post=6450"}],"curies":[{"name":"wp","href":"https:\/\/api.w.org\/{rel}","templated":true}]}}