{"id":7110,"date":"2023-03-21T21:12:17","date_gmt":"2023-03-21T21:12:17","guid":{"rendered":"https:\/\/ecopipo.com\/matriz\/?post_type=product&#038;p=7110"},"modified":"2026-01-15T19:13:45","modified_gmt":"2026-01-16T01:13:45","slug":"leggings-6-10-anos","status":"publish","type":"product","link":"https:\/\/ecopipo.com\/matriz\/producto\/leggings-6-10-anos\/","title":{"rendered":"Leggings 6 &#8211; 10 A\u00f1os"},"content":{"rendered":"<p class=\"prod_des\">Nuestros leggings son el complemento perfecto para el outfit de tu beb\u00e9, toddler o hasta ni\u00f1os de preescolar, est\u00e1n hechos con tela muy suave que tiene la sensaci\u00f3n de piel de durazno, son tan flexibles que permiten el libre movimiento y el porteo..<\/p>\n","protected":false},"excerpt":{"rendered":"<p class=\"prod_des\">Nuestros leggings son el complemento perfecto para el outfit de tu beb\u00e9, toddler o hasta ni\u00f1os de preescolar, est\u00e1n hechos con tela muy suave que tiene la sensaci\u00f3n de piel de durazno, son tan flexibles que permiten el libre movimiento y el porteo.<\/p>\n","protected":false},"featured_media":15364,"template":"","meta":[],"product_brand":[],"product_cat":[234],"product_tag":[],"class_list":{"0":"post-7110","1":"product","2":"type-product","3":"status-publish","4":"has-post-thumbnail","6":"product_cat-outfit","8":"first","9":"outofstock","10":"shipping-taxable","11":"product-type-variable","12":"rtwpvg-product"},"supplier_id":null,"supplier_sku":"","barcode":null,"atum_controlled":true,"out_stock_date":null,"out_stock_threshold":null,"inheritable":false,"inbound_stock":0,"stock_on_hold":0,"sold_today":1,"sales_last_days":1,"reserved_stock":0,"customer_returns":0,"warehouse_damage":0,"lost_in_post":0,"other_logs":0,"out_stock_days":null,"lost_sales":0,"has_location":false,"update_date":"2026-03-25T22:16:27","atum_locations":[],"atum_stock_status":"instock","restock_status":false,"low_stock_amount":"","sales_update_date":"2026-03-25T22:16:27","calc_backorders":null,"aioseo_notices":[],"_links":{"self":[{"href":"https:\/\/ecopipo.com\/matriz\/wp-json\/wp\/v2\/product\/7110","targetHints":{"allow":["GET"]}}],"collection":[{"href":"https:\/\/ecopipo.com\/matriz\/wp-json\/wp\/v2\/product"}],"about":[{"href":"https:\/\/ecopipo.com\/matriz\/wp-json\/wp\/v2\/types\/product"}],"wp:featuredmedia":[{"embeddable":true,"href":"https:\/\/ecopipo.com\/matriz\/wp-json\/wp\/v2\/media\/15364"}],"wp:attachment":[{"href":"https:\/\/ecopipo.com\/matriz\/wp-json\/wp\/v2\/media?parent=7110"}],"wp:term":[{"taxonomy":"product_brand","embeddable":true,"href":"https:\/\/ecopipo.com\/matriz\/wp-json\/wp\/v2\/product_brand?post=7110"},{"taxonomy":"product_cat","embeddable":true,"href":"https:\/\/ecopipo.com\/matriz\/wp-json\/wp\/v2\/product_cat?post=7110"},{"taxonomy":"product_tag","embeddable":true,"href":"https:\/\/ecopipo.com\/matriz\/wp-json\/wp\/v2\/product_tag?post=7110"}],"curies":[{"name":"wp","href":"https:\/\/api.w.org\/{rel}","templated":true}]}}