{"id":8107,"date":"2023-04-11T14:30:38","date_gmt":"2023-04-11T20:30:38","guid":{"rendered":"https:\/\/ecopipo.com\/matriz\/producto\/absorbente-bambu-g3\/"},"modified":"2026-02-18T09:07:33","modified_gmt":"2026-02-18T15:07:33","slug":"absorbente-bambu-g3","status":"publish","type":"product","link":"https:\/\/ecopipo.com\/matriz\/producto\/absorbente-bambu-g3\/","title":{"rendered":"Absorbente Bamb\u00fa  G3"},"content":{"rendered":"","protected":false},"excerpt":{"rendered":"<p>&#8220;Inserci\u00f3n diurna de bamb\u00fa fleece los pa\u00f1ales unitalla de bolsillo.<\/p>\n","protected":false},"featured_media":0,"template":"","meta":[],"product_brand":[],"product_cat":[422,461,417,462],"product_tag":[],"class_list":{"0":"post-8107","1":"product","2":"type-product","3":"status-publish","5":"product_cat-absorbente","6":"product_cat-bambu","7":"product_cat-fuera-de-catalogo","8":"product_cat-g3","10":"first","11":"outofstock","12":"shipping-taxable","13":"purchasable","14":"product-type-simple"},"supplier_id":null,"supplier_sku":"","barcode":null,"atum_controlled":true,"out_stock_date":"2026-02-18 09:07:33","out_stock_threshold":null,"inheritable":false,"inbound_stock":0,"stock_on_hold":0,"sold_today":0,"sales_last_days":0,"reserved_stock":0,"customer_returns":0,"warehouse_damage":0,"lost_in_post":0,"other_logs":0,"out_stock_days":76,"lost_sales":3257,"has_location":false,"update_date":"2026-05-05T16:58:59","atum_locations":[],"atum_stock_status":"outofstock","restock_status":false,"low_stock_amount":"","sales_update_date":"2026-05-05T16:58:59","calc_backorders":null,"aioseo_notices":[],"_links":{"self":[{"href":"https:\/\/ecopipo.com\/matriz\/wp-json\/wp\/v2\/product\/8107","targetHints":{"allow":["GET"]}}],"collection":[{"href":"https:\/\/ecopipo.com\/matriz\/wp-json\/wp\/v2\/product"}],"about":[{"href":"https:\/\/ecopipo.com\/matriz\/wp-json\/wp\/v2\/types\/product"}],"wp:attachment":[{"href":"https:\/\/ecopipo.com\/matriz\/wp-json\/wp\/v2\/media?parent=8107"}],"wp:term":[{"taxonomy":"product_brand","embeddable":true,"href":"https:\/\/ecopipo.com\/matriz\/wp-json\/wp\/v2\/product_brand?post=8107"},{"taxonomy":"product_cat","embeddable":true,"href":"https:\/\/ecopipo.com\/matriz\/wp-json\/wp\/v2\/product_cat?post=8107"},{"taxonomy":"product_tag","embeddable":true,"href":"https:\/\/ecopipo.com\/matriz\/wp-json\/wp\/v2\/product_tag?post=8107"}],"curies":[{"name":"wp","href":"https:\/\/api.w.org\/{rel}","templated":true}]}}