{"id":8202,"date":"2023-04-11T14:31:07","date_gmt":"2023-04-11T20:31:07","guid":{"rendered":"https:\/\/ecopipo.com\/matriz\/producto\/panal-g3-unitalla-velcro-amarillo\/"},"modified":"2026-01-30T10:46:52","modified_gmt":"2026-01-30T16:46:52","slug":"panal-g3-unitalla-velcro-amarillo","status":"publish","type":"product","link":"https:\/\/ecopipo.com\/matriz\/producto\/panal-g3-unitalla-velcro-amarillo\/","title":{"rendered":"Pa\u00f1al G3 Unitalla Velcro Amarillo"},"content":{"rendered":"","protected":false},"excerpt":{"rendered":"<p>Pa\u00f1al unitalla que se ajusta desde los 3 kg y hasta los 16 kg, cuenta con broches frontales para ajustarlo a las diferentes tallas y velcro en la cintura. Cada pa\u00f1al cuenta con tres absorbentes: uno corto de 3 capas de microfibra, uno corto de refuerzo con 2 capas de bamb\u00fa Terry  y  uno largo de 2 capas de bamb\u00fa.<\/p>\n","protected":false},"featured_media":0,"template":"","meta":[],"product_brand":[],"product_cat":[417,462,426],"product_tag":[],"class_list":{"0":"post-8202","1":"product","2":"type-product","3":"status-publish","5":"product_cat-fuera-de-catalogo","6":"product_cat-g3","7":"product_cat-liso","9":"first","10":"instock","11":"shipping-taxable","12":"purchasable","13":"product-type-simple"},"supplier_id":null,"supplier_sku":"","barcode":null,"atum_controlled":true,"out_stock_date":null,"out_stock_threshold":null,"inheritable":false,"inbound_stock":0,"stock_on_hold":0,"sold_today":0,"sales_last_days":0,"reserved_stock":0,"customer_returns":0,"warehouse_damage":0,"lost_in_post":0,"other_logs":0,"out_stock_days":0,"lost_sales":0,"has_location":false,"update_date":"2026-03-02T20:10:18","atum_locations":[],"atum_stock_status":"instock","restock_status":false,"low_stock_amount":"","sales_update_date":"2026-03-02T20:10:18","calc_backorders":null,"aioseo_notices":[],"_links":{"self":[{"href":"https:\/\/ecopipo.com\/matriz\/wp-json\/wp\/v2\/product\/8202","targetHints":{"allow":["GET"]}}],"collection":[{"href":"https:\/\/ecopipo.com\/matriz\/wp-json\/wp\/v2\/product"}],"about":[{"href":"https:\/\/ecopipo.com\/matriz\/wp-json\/wp\/v2\/types\/product"}],"wp:attachment":[{"href":"https:\/\/ecopipo.com\/matriz\/wp-json\/wp\/v2\/media?parent=8202"}],"wp:term":[{"taxonomy":"product_brand","embeddable":true,"href":"https:\/\/ecopipo.com\/matriz\/wp-json\/wp\/v2\/product_brand?post=8202"},{"taxonomy":"product_cat","embeddable":true,"href":"https:\/\/ecopipo.com\/matriz\/wp-json\/wp\/v2\/product_cat?post=8202"},{"taxonomy":"product_tag","embeddable":true,"href":"https:\/\/ecopipo.com\/matriz\/wp-json\/wp\/v2\/product_tag?post=8202"}],"curies":[{"name":"wp","href":"https:\/\/api.w.org\/{rel}","templated":true}]}}