{"id":8302,"date":"2023-04-11T14:31:34","date_gmt":"2023-04-11T20:31:34","guid":{"rendered":"https:\/\/ecopipo.com\/matriz\/producto\/cubierta-prematuro-velcro-aqua\/"},"modified":"2026-01-15T19:13:27","modified_gmt":"2026-01-16T01:13:27","slug":"cubierta-prematuro-velcro-aqua","status":"publish","type":"product","link":"https:\/\/ecopipo.com\/matriz\/producto\/cubierta-prematuro-velcro-aqua\/","title":{"rendered":"Cubierta Prematuro Velcro Aqua"},"content":{"rendered":"","protected":false},"excerpt":{"rendered":"<p>Las cubiertas se utilizan para hacer impermeables a los pa\u00f1ales que no cuenten con ninguna barrera, por ejemplo pa\u00f1ales ajustados o predoblados. Son muy \u00fatiles porque al estar hechas completamente de PUL se pueden reutilizar varias veces antes de tener que lavarlas.<\/p>\n","protected":false},"featured_media":0,"template":"","meta":[],"product_brand":[],"product_cat":[484,417,426],"product_tag":[],"class_list":{"0":"post-8302","1":"product","2":"type-product","3":"status-publish","5":"product_cat-cubierta-prematuro","6":"product_cat-fuera-de-catalogo","7":"product_cat-liso","9":"first","10":"outofstock","11":"shipping-taxable","12":"purchasable","13":"product-type-simple"},"supplier_id":null,"supplier_sku":"","barcode":null,"atum_controlled":true,"out_stock_date":null,"out_stock_threshold":null,"inheritable":false,"inbound_stock":0,"stock_on_hold":0,"sold_today":0,"sales_last_days":0,"reserved_stock":0,"customer_returns":0,"warehouse_damage":0,"lost_in_post":0,"other_logs":0,"out_stock_days":0,"lost_sales":0,"has_location":false,"update_date":"2026-03-25T21:36:38","atum_locations":[],"atum_stock_status":"outofstock","restock_status":false,"low_stock_amount":"","sales_update_date":"2026-03-25T21:36:38","calc_backorders":null,"aioseo_notices":[],"_links":{"self":[{"href":"https:\/\/ecopipo.com\/matriz\/wp-json\/wp\/v2\/product\/8302","targetHints":{"allow":["GET"]}}],"collection":[{"href":"https:\/\/ecopipo.com\/matriz\/wp-json\/wp\/v2\/product"}],"about":[{"href":"https:\/\/ecopipo.com\/matriz\/wp-json\/wp\/v2\/types\/product"}],"wp:attachment":[{"href":"https:\/\/ecopipo.com\/matriz\/wp-json\/wp\/v2\/media?parent=8302"}],"wp:term":[{"taxonomy":"product_brand","embeddable":true,"href":"https:\/\/ecopipo.com\/matriz\/wp-json\/wp\/v2\/product_brand?post=8302"},{"taxonomy":"product_cat","embeddable":true,"href":"https:\/\/ecopipo.com\/matriz\/wp-json\/wp\/v2\/product_cat?post=8302"},{"taxonomy":"product_tag","embeddable":true,"href":"https:\/\/ecopipo.com\/matriz\/wp-json\/wp\/v2\/product_tag?post=8302"}],"curies":[{"name":"wp","href":"https:\/\/api.w.org\/{rel}","templated":true}]}}