{"id":8325,"date":"2023-04-11T14:31:37","date_gmt":"2023-04-11T20:31:37","guid":{"rendered":"https:\/\/ecopipo.com\/matriz\/producto\/cobija-plus-vaca\/"},"modified":"2026-01-15T19:13:29","modified_gmt":"2026-01-16T01:13:29","slug":"cobija-plus-vaca","status":"publish","type":"product","link":"https:\/\/ecopipo.com\/matriz\/producto\/cobija-plus-vaca\/","title":{"rendered":"Cobija Plus Vaca"},"content":{"rendered":"","protected":false},"excerpt":{"rendered":"<p>Son hermosas cobijitas hechas de un lado de una tela incre\u00edblemente suave llamada Minky y en el otro lado una tela esponjosa y suave. Tu beb\u00e9 se sentir\u00e1 muy bien y calientito envuelto en estas cobijitas. Tama\u00f1o: 105 cm x 85 cm.<\/p>\n","protected":false},"featured_media":0,"template":"","meta":[],"product_brand":[],"product_cat":[487,417,488],"product_tag":[],"class_list":{"0":"post-8325","1":"product","2":"type-product","3":"status-publish","5":"product_cat-cobija","6":"product_cat-fuera-de-catalogo","7":"product_cat-plus","9":"first","10":"instock","11":"shipping-taxable","12":"purchasable","13":"product-type-simple"},"supplier_id":null,"supplier_sku":"","barcode":null,"atum_controlled":true,"out_stock_date":null,"out_stock_threshold":null,"inheritable":false,"inbound_stock":0,"stock_on_hold":0,"sold_today":0,"sales_last_days":0,"reserved_stock":0,"customer_returns":0,"warehouse_damage":0,"lost_in_post":0,"other_logs":0,"out_stock_days":0,"lost_sales":0,"has_location":false,"update_date":"2026-03-25T22:13:58","atum_locations":[],"atum_stock_status":"instock","restock_status":false,"low_stock_amount":"","sales_update_date":"2026-03-25T22:13:58","calc_backorders":null,"aioseo_notices":[],"_links":{"self":[{"href":"https:\/\/ecopipo.com\/matriz\/wp-json\/wp\/v2\/product\/8325","targetHints":{"allow":["GET"]}}],"collection":[{"href":"https:\/\/ecopipo.com\/matriz\/wp-json\/wp\/v2\/product"}],"about":[{"href":"https:\/\/ecopipo.com\/matriz\/wp-json\/wp\/v2\/types\/product"}],"wp:attachment":[{"href":"https:\/\/ecopipo.com\/matriz\/wp-json\/wp\/v2\/media?parent=8325"}],"wp:term":[{"taxonomy":"product_brand","embeddable":true,"href":"https:\/\/ecopipo.com\/matriz\/wp-json\/wp\/v2\/product_brand?post=8325"},{"taxonomy":"product_cat","embeddable":true,"href":"https:\/\/ecopipo.com\/matriz\/wp-json\/wp\/v2\/product_cat?post=8325"},{"taxonomy":"product_tag","embeddable":true,"href":"https:\/\/ecopipo.com\/matriz\/wp-json\/wp\/v2\/product_tag?post=8325"}],"curies":[{"name":"wp","href":"https:\/\/api.w.org\/{rel}","templated":true}]}}