{"id":8525,"date":"2023-05-10T19:29:53","date_gmt":"2023-05-11T01:29:53","guid":{"rendered":"https:\/\/ecopipo.com\/matriz\/producto\/panal-de-natacion-4-a-8-anos-verano\/"},"modified":"2026-04-22T12:49:06","modified_gmt":"2026-04-22T17:49:06","slug":"panal-de-natacion-4-a-8-anos-verano","status":"publish","type":"product","link":"https:\/\/ecopipo.com\/matriz\/producto\/panal-de-natacion-4-a-8-anos-verano\/","title":{"rendered":"Pa\u00f1al De Nataci\u00f3n 4 A 8 A\u00f1os Verano"},"content":{"rendered":"<p>Nuestro pa\u00f1al de nataci\u00f3n adem\u00e1s de ser reutilizable est\u00e1 hecho con telas de m\u00e1xima calidad sin materiales t\u00f3xicos. Cuenta con barreras antiescurrimiento que te ayudar\u00e1n a evitar el c\u00f3digo caf\u00e9 ideal para las clases de nataci\u00f3n o para ir a la playa<\/p>\n","protected":false},"excerpt":{"rendered":"<p>Cuida el medio ambiente utilizando nuestro pa\u00f1al de nataci\u00f3n reutilizable, que adem\u00e1s crece con tu ni\u00f1o, es muy f\u00e1cil de lavar y de secar, te puede ayudar a salvarte del c\u00f3digo caf\u00e9, gracias a su barrera antiescurrimiento que atrapa los s\u00f3lidos de tu peque\u00f1o.<\/p>\n","protected":false},"featured_media":4968,"template":"","meta":[],"product_brand":[],"product_cat":[448,424],"product_tag":[],"class_list":{"0":"post-8525","1":"product","2":"type-product","3":"status-publish","4":"has-post-thumbnail","6":"product_cat-4-a-8-anos","7":"product_cat-panal-de-natacion","9":"first","10":"instock","11":"shipping-taxable","12":"purchasable","13":"product-type-simple"},"supplier_id":null,"supplier_sku":"","barcode":null,"atum_controlled":true,"out_stock_date":null,"out_stock_threshold":null,"inheritable":false,"inbound_stock":0,"stock_on_hold":0,"sold_today":0,"sales_last_days":3,"reserved_stock":0,"customer_returns":0,"warehouse_damage":0,"lost_in_post":0,"other_logs":0,"out_stock_days":0,"lost_sales":0,"has_location":false,"update_date":"2026-04-28T18:03:48","atum_locations":[],"atum_stock_status":"instock","restock_status":false,"low_stock_amount":"","sales_update_date":"2026-04-28T18:03:48","calc_backorders":null,"aioseo_notices":[],"_links":{"self":[{"href":"https:\/\/ecopipo.com\/matriz\/wp-json\/wp\/v2\/product\/8525","targetHints":{"allow":["GET"]}}],"collection":[{"href":"https:\/\/ecopipo.com\/matriz\/wp-json\/wp\/v2\/product"}],"about":[{"href":"https:\/\/ecopipo.com\/matriz\/wp-json\/wp\/v2\/types\/product"}],"wp:featuredmedia":[{"embeddable":true,"href":"https:\/\/ecopipo.com\/matriz\/wp-json\/wp\/v2\/media\/4968"}],"wp:attachment":[{"href":"https:\/\/ecopipo.com\/matriz\/wp-json\/wp\/v2\/media?parent=8525"}],"wp:term":[{"taxonomy":"product_brand","embeddable":true,"href":"https:\/\/ecopipo.com\/matriz\/wp-json\/wp\/v2\/product_brand?post=8525"},{"taxonomy":"product_cat","embeddable":true,"href":"https:\/\/ecopipo.com\/matriz\/wp-json\/wp\/v2\/product_cat?post=8525"},{"taxonomy":"product_tag","embeddable":true,"href":"https:\/\/ecopipo.com\/matriz\/wp-json\/wp\/v2\/product_tag?post=8525"}],"curies":[{"name":"wp","href":"https:\/\/api.w.org\/{rel}","templated":true}]}}