{"id":8798,"date":"2023-05-25T16:39:53","date_gmt":"2023-05-25T22:39:53","guid":{"rendered":"https:\/\/ecopipo.com\/matriz\/?post_type=product&#038;p=8798"},"modified":"2025-04-08T14:36:04","modified_gmt":"2025-04-08T19:36:04","slug":"panal-ecobebe-neb","status":"publish","type":"product","link":"https:\/\/ecopipo.com\/matriz\/producto\/panal-ecobebe-neb\/","title":{"rendered":"Pa\u00f1al Ecobeb\u00e9"},"content":{"rendered":"<p>F\u00e1cil de utilizar porque puedes s\u00f3lo cambiar el absorbente que ya incluye, cuando tu beb\u00e9 haga pip\u00ed y reutilizar la cubierta con un nuevo absorbente que se vende por separado, lo puedes utilizar desde los 3.5 kg. de peso de tu beb\u00e9, hasta los 15 kg., es un pa\u00f1al unitalla que se ajusta al tiro y a la cintura con broches. Tiene doble barrera antiescurrimiento y est\u00e1n hechos en M\u00e9xico con telas certificadas de la mejor calidad que reducen las rozaduras. Son muy f\u00e1ciles de lavar, puedes utilizar lavadora y detergente para pa\u00f1ales Ecopipo o cualquier otro detergente biodegradable para alargar su vida \u00fatil, en ciclo de lavado muy sucio o intenso. La cubierta la puedes centrifugar y secar a la sombra. Son ideales para cuando viajas ya que no ocupan mucho espacio. Te recomendamos que por cada pa\u00f1al Ecobeb\u00e9 que tengas, adquieras dos absorbentes m\u00e1s y de esta forma puedes usarlo hasta dos veces m\u00e1s.<\/p>\n","protected":false},"excerpt":{"rendered":"<p>F\u00e1cil de utilizar porque puedes s\u00f3lo cambiar el absorbente que ya incluye, cuando tu beb\u00e9 haga pip\u00ed y reutilizar la cubierta con un nuevo absorbente que se vende por separado, lo puedes utilizar desde los 3.5 kg. de peso de tu beb\u00e9, hasta los 15 kg., es un pa\u00f1al unitalla que se ajusta al tiro y a la cintura con broches. Tiene doble barrera antiescurrimiento y est\u00e1n hechos en M\u00e9xico con telas certificadas de la mejor calidad que reducen las rozaduras. Son muy f\u00e1ciles de lavar, puedes utilizar lavadora y detergente para pa\u00f1ales Ecopipo o cualquier otro detergente biodegradable para alargar su vida \u00fatil, en ciclo de lavado muy sucio o intenso. La cubierta la puedes centrifugar y secar a la sombra. Son ideales para cuando viajas ya que no ocupan mucho espacio. Te recomendamos que por cada pa\u00f1al Ecobeb\u00e9 que tengas, adquieras dos absorbentes m\u00e1s y de esta forma puedes usarlo hasta dos veces m\u00e1s.<\/p>\n","protected":false},"featured_media":6401,"template":"","meta":[],"product_brand":[],"product_cat":[151],"product_tag":[],"class_list":{"0":"post-8798","1":"product","2":"type-product","3":"status-publish","4":"has-post-thumbnail","6":"product_cat-kits","8":"first","9":"outofstock","10":"shipping-taxable","11":"purchasable","12":"product-type-simple"},"supplier_id":null,"supplier_sku":"","barcode":null,"atum_controlled":true,"out_stock_date":"2025-04-08 14:36:05","out_stock_threshold":null,"inheritable":false,"inbound_stock":0,"stock_on_hold":0,"sold_today":0,"sales_last_days":0,"reserved_stock":0,"customer_returns":0,"warehouse_damage":0,"lost_in_post":0,"other_logs":0,"out_stock_days":358,"lost_sales":0,"has_location":false,"update_date":"2026-04-01T18:11:10","atum_locations":[],"atum_stock_status":"outofstock","restock_status":false,"low_stock_amount":"","sales_update_date":"2026-04-01T18:11:10","calc_backorders":null,"aioseo_notices":[],"_links":{"self":[{"href":"https:\/\/ecopipo.com\/matriz\/wp-json\/wp\/v2\/product\/8798","targetHints":{"allow":["GET"]}}],"collection":[{"href":"https:\/\/ecopipo.com\/matriz\/wp-json\/wp\/v2\/product"}],"about":[{"href":"https:\/\/ecopipo.com\/matriz\/wp-json\/wp\/v2\/types\/product"}],"wp:featuredmedia":[{"embeddable":true,"href":"https:\/\/ecopipo.com\/matriz\/wp-json\/wp\/v2\/media\/6401"}],"wp:attachment":[{"href":"https:\/\/ecopipo.com\/matriz\/wp-json\/wp\/v2\/media?parent=8798"}],"wp:term":[{"taxonomy":"product_brand","embeddable":true,"href":"https:\/\/ecopipo.com\/matriz\/wp-json\/wp\/v2\/product_brand?post=8798"},{"taxonomy":"product_cat","embeddable":true,"href":"https:\/\/ecopipo.com\/matriz\/wp-json\/wp\/v2\/product_cat?post=8798"},{"taxonomy":"product_tag","embeddable":true,"href":"https:\/\/ecopipo.com\/matriz\/wp-json\/wp\/v2\/product_tag?post=8798"}],"curies":[{"name":"wp","href":"https:\/\/api.w.org\/{rel}","templated":true}]}}