{"id":9936,"date":"2024-01-08T20:09:38","date_gmt":"2024-01-08T20:09:38","guid":{"rendered":"https:\/\/ecopipo.com\/?post_type=product&#038;p=9936"},"modified":"2026-04-03T22:15:02","modified_gmt":"2026-04-04T04:15:02","slug":"sudadera-kids","status":"publish","type":"product","link":"https:\/\/ecopipo.com\/matriz\/producto\/sudadera-kids\/","title":{"rendered":"Sudadera Kids"},"content":{"rendered":"<p>Las Sudaderas Ecopipo est\u00e1n elaboradas con tela de polyester que es repelente al agua por fuera y muy suave y aterciopelada por dentro, tiene una bolsa al frente ya sea para guardar alg\u00fan objeto, o para meter las manos y protegerse del fr\u00d5o. Cuentan con su capucha y su cord\u00f3n al cuello para sujetarse.<\/p>\n","protected":false},"excerpt":{"rendered":"<p>Las Sudaderas Ecopipo est\u00e1n elaboradas con tela de polyester que es repelente al agua por fuera y muy suave y aterciopelada por dentro, tiene una bolsa al frente ya sea para guardar alg\u00fan objeto, o para meter las manos y protegerse del fr\u00edo. Cuentan con su capucha y su cord\u00f3n al cuello para sujetarse.<\/p>\n","protected":false},"featured_media":15371,"template":"","meta":[],"product_brand":[],"product_cat":[234],"product_tag":[],"class_list":{"0":"post-9936","1":"product","2":"type-product","3":"status-publish","4":"has-post-thumbnail","6":"product_cat-outfit","8":"first","9":"instock","10":"shipping-taxable","11":"purchasable","12":"product-type-variable","13":"rtwpvg-product"},"supplier_id":null,"supplier_sku":"","barcode":null,"atum_controlled":true,"out_stock_date":null,"out_stock_threshold":null,"inheritable":false,"inbound_stock":0,"stock_on_hold":0,"sold_today":0,"sales_last_days":2,"reserved_stock":0,"customer_returns":0,"warehouse_damage":0,"lost_in_post":0,"other_logs":0,"out_stock_days":null,"lost_sales":0,"has_location":false,"update_date":"2026-04-15T19:51:51","atum_locations":[],"atum_stock_status":"instock","restock_status":false,"low_stock_amount":"","sales_update_date":"2026-04-15T19:51:51","calc_backorders":null,"aioseo_notices":[],"_links":{"self":[{"href":"https:\/\/ecopipo.com\/matriz\/wp-json\/wp\/v2\/product\/9936","targetHints":{"allow":["GET"]}}],"collection":[{"href":"https:\/\/ecopipo.com\/matriz\/wp-json\/wp\/v2\/product"}],"about":[{"href":"https:\/\/ecopipo.com\/matriz\/wp-json\/wp\/v2\/types\/product"}],"wp:featuredmedia":[{"embeddable":true,"href":"https:\/\/ecopipo.com\/matriz\/wp-json\/wp\/v2\/media\/15371"}],"wp:attachment":[{"href":"https:\/\/ecopipo.com\/matriz\/wp-json\/wp\/v2\/media?parent=9936"}],"wp:term":[{"taxonomy":"product_brand","embeddable":true,"href":"https:\/\/ecopipo.com\/matriz\/wp-json\/wp\/v2\/product_brand?post=9936"},{"taxonomy":"product_cat","embeddable":true,"href":"https:\/\/ecopipo.com\/matriz\/wp-json\/wp\/v2\/product_cat?post=9936"},{"taxonomy":"product_tag","embeddable":true,"href":"https:\/\/ecopipo.com\/matriz\/wp-json\/wp\/v2\/product_tag?post=9936"}],"curies":[{"name":"wp","href":"https:\/\/api.w.org\/{rel}","templated":true}]}}